{"id":5842,"date":"2024-07-08T20:52:15","date_gmt":"2024-07-08T18:52:15","guid":{"rendered":"https:\/\/dora-maar-live.local\/reservez-une-visite\/"},"modified":"2024-11-12T16:55:27","modified_gmt":"2024-11-12T15:55:27","slug":"reservez-une-visite","status":"publish","type":"page","link":"https:\/\/maisondoramaar.org\/fr\/visite\/reservez-une-visite\/","title":{"rendered":"R\u00e9server une visite"},"content":{"rendered":"\n<div class=\"wp-block-cover alignfull parallax\" style=\"margin-top:0;margin-bottom:var(--wp--preset--spacing--40);min-height:80vh;aspect-ratio:unset;\"><span aria-hidden=\"true\" class=\"wp-block-cover__background has-background-dim-0 has-background-dim\" style=\"background-color:#a37265\"><\/span><img loading=\"lazy\" decoding=\"async\" width=\"1366\" height=\"768\" class=\"wp-block-cover__image-background wp-image-5632\" alt=\"\" src=\"https:\/\/maisondoramaar.org\/wp-content\/uploads\/2024\/07\/doree-image.jpg\" style=\"object-position:79% 91%\" data-object-fit=\"cover\" data-object-position=\"79% 91%\" srcset=\"https:\/\/maisondoramaar.org\/wp-content\/uploads\/2024\/07\/doree-image.jpg 1366w, https:\/\/maisondoramaar.org\/wp-content\/uploads\/2024\/07\/doree-image-300x169.jpg 300w, https:\/\/maisondoramaar.org\/wp-content\/uploads\/2024\/07\/doree-image-1024x576.jpg 1024w, https:\/\/maisondoramaar.org\/wp-content\/uploads\/2024\/07\/doree-image-768x432.jpg 768w, https:\/\/maisondoramaar.org\/wp-content\/uploads\/2024\/07\/doree-image-500x281.jpg 500w, https:\/\/maisondoramaar.org\/wp-content\/uploads\/2024\/07\/doree-image-800x450.jpg 800w, https:\/\/maisondoramaar.org\/wp-content\/uploads\/2024\/07\/doree-image-1280x720.jpg 1280w\" sizes=\"auto, (max-width: 1366px) 100vw, 1366px\" \/><div class=\"wp-block-cover__inner-container is-layout-constrained wp-block-cover-is-layout-constrained\">\n<p class=\"has-text-align-center has-large-font-size\"><\/p>\n<\/div><\/div>\n\n\n\n<div style=\"height:60px\" aria-hidden=\"true\" class=\"wp-block-spacer\"><\/div>\n\n\n\n<h2 class=\"wp-block-heading has-text-align-center\" style=\"font-style:normal;font-weight:300\"><strong>r\u00e9server une visite<\/strong><\/h2>\n\n\n\n<div class=\"wp-block-columns alignwide is-layout-flex wp-container-core-columns-is-layout-28f84493 wp-block-columns-is-layout-flex\">\n<div class=\"wp-block-column is-layout-flow wp-block-column-is-layout-flow\">\n<h3 class=\"wp-block-heading\">Informations pratiques<\/h3>\n\n\n\n<ul class=\"wp-block-list\">\n<li>Les visites de la Maison Dora Maar sont organis\u00e9es les mardi et samedi<\/li>\n\n\n\n<li>La visite dure environ 20 minutes<\/li>\n\n\n\n<li>Vous avez la possibilit\u00e9 d\u2019annuler votre r\u00e9servation directement dans votre espace personnel ou en nous appelant au 04 90 72 54 70<\/li>\n\n\n\n<li>La visite est guid\u00e9e par un membre du personnel de la Maison Dora Maar<\/li>\n\n\n\n<li>Le tarif de la visite est de 10\u20ac par personne \u00e0 r\u00e9gler sur place par carte bancaire ou esp\u00e8ces le jour de votre visite. Gratuit pour les moins de 18 ans.<\/li>\n\n\n\n<li>Pour les guides touristiques, veuillez nous contacter directement pour vos groupes.<\/li>\n<\/ul>\n<\/div>\n\n\n\n<div class=\"wp-block-column is-layout-flow wp-block-column-is-layout-flow\">\n<div class=\"wp-block-buttons is-content-justification-center is-layout-flex wp-container-core-buttons-is-layout-a89b3969 wp-block-buttons-is-layout-flex\">\n<div class=\"wp-block-button\"><a class=\"wp-block-button__link wp-element-button\" href=\"https:\/\/siiou.fr\/maisondoramaar\/\" target=\"_blank\" rel=\"noreferrer noopener\">TICKETS<\/a><\/div>\n<\/div>\n<\/div>\n<\/div>\n\n\n\n<div style=\"height:0px\" aria-hidden=\"true\" class=\"wp-block-spacer\"><\/div>\n\n\n\n<div style=\"height:0px\" aria-hidden=\"true\" class=\"wp-block-spacer\"><\/div>\n\n\n\n<p><\/p>\n","protected":false},"excerpt":{"rendered":"<p>r\u00e9server une visite Informations pratiques<\/p>\n","protected":false},"author":7,"featured_media":7239,"parent":7339,"menu_order":2,"comment_status":"closed","ping_status":"closed","template":"","meta":{"_acf_changed":false,"_uag_custom_page_level_css":"","site-sidebar-layout":"default","site-content-layout":"","ast-site-content-layout":"default","site-content-style":"default","site-sidebar-style":"default","ast-global-header-display":"","ast-banner-title-visibility":"","ast-main-header-display":"","ast-hfb-above-header-display":"","ast-hfb-below-header-display":"","ast-hfb-mobile-header-display":"","site-post-title":"","ast-breadcrumbs-content":"","ast-featured-img":"","footer-sml-layout":"","theme-transparent-header-meta":"","adv-header-id-meta":"","stick-header-meta":"","header-above-stick-meta":"","header-main-stick-meta":"","header-below-stick-meta":"","astra-migrate-meta-layouts":"default","ast-page-background-enabled":"default","ast-page-background-meta":{"desktop":{"background-color":"var(--ast-global-color-4)","background-image":"","background-repeat":"repeat","background-position":"center center","background-size":"auto","background-attachment":"scroll","background-type":"","background-media":"","overlay-type":"","overlay-color":"","overlay-opacity":"","overlay-gradient":""},"tablet":{"background-color":"","background-image":"","background-repeat":"repeat","background-position":"center center","background-size":"auto","background-attachment":"scroll","background-type":"","background-media":"","overlay-type":"","overlay-color":"","overlay-opacity":"","overlay-gradient":""},"mobile":{"background-color":"","background-image":"","background-repeat":"repeat","background-position":"center center","background-size":"auto","background-attachment":"scroll","background-type":"","background-media":"","overlay-type":"","overlay-color":"","overlay-opacity":"","overlay-gradient":""}},"ast-content-background-meta":{"desktop":{"background-color":"var(--ast-global-color-5)","background-image":"","background-repeat":"repeat","background-position":"center center","background-size":"auto","background-attachment":"scroll","background-type":"","background-media":"","overlay-type":"","overlay-color":"","overlay-opacity":"","overlay-gradient":""},"tablet":{"background-color":"var(--ast-global-color-5)","background-image":"","background-repeat":"repeat","background-position":"center center","background-size":"auto","background-attachment":"scroll","background-type":"","background-media":"","overlay-type":"","overlay-color":"","overlay-opacity":"","overlay-gradient":""},"mobile":{"background-color":"var(--ast-global-color-5)","background-image":"","background-repeat":"repeat","background-position":"center center","background-size":"auto","background-attachment":"scroll","background-type":"","background-media":"","overlay-type":"","overlay-color":"","overlay-opacity":"","overlay-gradient":""}},"footnotes":"","_links_to":"","_links_to_target":""},"class_list":["post-5842","page","type-page","status-publish","has-post-thumbnail","hentry"],"acf":[],"yoast_head":"<!-- This site is optimized with the Yoast SEO plugin v26.8 - https:\/\/yoast.com\/product\/yoast-seo-wordpress\/ -->\n<title>R\u00e9server une visite - La Maison Dora Maar et L&#039;H\u00f4tel Tingry<\/title>\n<meta name=\"robots\" content=\"index, follow, max-snippet:-1, max-image-preview:large, max-video-preview:-1\" \/>\n<link rel=\"canonical\" href=\"https:\/\/maisondoramaar.org\/fr\/visite\/reservez-une-visite\/\" \/>\n<meta property=\"og:locale\" content=\"fr_FR\" \/>\n<meta property=\"og:type\" content=\"article\" \/>\n<meta property=\"og:title\" content=\"R\u00e9server une visite - La Maison Dora Maar et L&#039;H\u00f4tel Tingry\" \/>\n<meta property=\"og:description\" content=\"r\u00e9server une visite Informations pratiques\" \/>\n<meta property=\"og:url\" content=\"https:\/\/maisondoramaar.org\/fr\/visite\/reservez-une-visite\/\" \/>\n<meta property=\"og:site_name\" content=\"La Maison Dora Maar et L&#039;H\u00f4tel Tingry\" \/>\n<meta property=\"article:publisher\" content=\"https:\/\/fr-fr.facebook.com\/doramaarhouse\/\" \/>\n<meta property=\"article:modified_time\" content=\"2024-11-12T15:55:27+00:00\" \/>\n<meta property=\"og:image\" content=\"https:\/\/maisondoramaar.org\/wp-content\/uploads\/2024\/10\/tour.jpg\" \/>\n\t<meta property=\"og:image:width\" content=\"1769\" \/>\n\t<meta property=\"og:image:height\" content=\"1294\" \/>\n\t<meta property=\"og:image:type\" content=\"image\/jpeg\" \/>\n<meta name=\"twitter:card\" content=\"summary_large_image\" \/>\n<meta name=\"twitter:label1\" content=\"Est. reading time\" \/>\n\t<meta name=\"twitter:data1\" content=\"1 minute\" \/>\n<script type=\"application\/ld+json\" class=\"yoast-schema-graph\">{\"@context\":\"https:\/\/schema.org\",\"@graph\":[{\"@type\":\"WebPage\",\"@id\":\"https:\/\/maisondoramaar.org\/fr\/visite\/reservez-une-visite\/\",\"url\":\"https:\/\/maisondoramaar.org\/fr\/visite\/reservez-une-visite\/\",\"name\":\"R\u00e9server une visite - La Maison Dora Maar et L&#039;H\u00f4tel Tingry\",\"isPartOf\":{\"@id\":\"https:\/\/maisondoramaar.org\/#website\"},\"primaryImageOfPage\":{\"@id\":\"https:\/\/maisondoramaar.org\/fr\/visite\/reservez-une-visite\/#primaryimage\"},\"image\":{\"@id\":\"https:\/\/maisondoramaar.org\/fr\/visite\/reservez-une-visite\/#primaryimage\"},\"thumbnailUrl\":\"https:\/\/maisondoramaar.org\/wp-content\/uploads\/2024\/10\/tour.jpg\",\"datePublished\":\"2024-07-08T18:52:15+00:00\",\"dateModified\":\"2024-11-12T15:55:27+00:00\",\"breadcrumb\":{\"@id\":\"https:\/\/maisondoramaar.org\/fr\/visite\/reservez-une-visite\/#breadcrumb\"},\"inLanguage\":\"fr-FR\",\"potentialAction\":[{\"@type\":\"ReadAction\",\"target\":[\"https:\/\/maisondoramaar.org\/fr\/visite\/reservez-une-visite\/\"]}]},{\"@type\":\"ImageObject\",\"inLanguage\":\"fr-FR\",\"@id\":\"https:\/\/maisondoramaar.org\/fr\/visite\/reservez-une-visite\/#primaryimage\",\"url\":\"https:\/\/maisondoramaar.org\/wp-content\/uploads\/2024\/10\/tour.jpg\",\"contentUrl\":\"https:\/\/maisondoramaar.org\/wp-content\/uploads\/2024\/10\/tour.jpg\",\"width\":1769,\"height\":1294},{\"@type\":\"BreadcrumbList\",\"@id\":\"https:\/\/maisondoramaar.org\/fr\/visite\/reservez-une-visite\/#breadcrumb\",\"itemListElement\":[{\"@type\":\"ListItem\",\"position\":1,\"name\":\"Accueil\",\"item\":\"https:\/\/maisondoramaar.org\/fr\/\"},{\"@type\":\"ListItem\",\"position\":2,\"name\":\"Visite\",\"item\":\"https:\/\/maisondoramaar.org\/fr\/visite\/\"},{\"@type\":\"ListItem\",\"position\":3,\"name\":\"R\u00e9server une visite\"}]},{\"@type\":\"WebSite\",\"@id\":\"https:\/\/maisondoramaar.org\/#website\",\"url\":\"https:\/\/maisondoramaar.org\/\",\"name\":\"La Maison Dora Maar et L&#039;H\u00f4tel Tingry\",\"description\":\"Des lieux d&#039;arts de la Fondation Nancy Brown Negley \u00e0 M\u00e9nerbes (Vaucluse), France\",\"publisher\":{\"@id\":\"https:\/\/maisondoramaar.org\/#organization\"},\"potentialAction\":[{\"@type\":\"SearchAction\",\"target\":{\"@type\":\"EntryPoint\",\"urlTemplate\":\"https:\/\/maisondoramaar.org\/?s={search_term_string}\"},\"query-input\":{\"@type\":\"PropertyValueSpecification\",\"valueRequired\":true,\"valueName\":\"search_term_string\"}}],\"inLanguage\":\"fr-FR\"},{\"@type\":\"Organization\",\"@id\":\"https:\/\/maisondoramaar.org\/#organization\",\"name\":\"La Maison Dora Maar et L&#039;H\u00f4tel Tingry\",\"url\":\"https:\/\/maisondoramaar.org\/\",\"logo\":{\"@type\":\"ImageObject\",\"inLanguage\":\"fr-FR\",\"@id\":\"https:\/\/maisondoramaar.org\/#\/schema\/logo\/image\/\",\"url\":\"https:\/\/maisondoramaar.org\/wp-content\/uploads\/2024\/06\/DMCC_logo.png\",\"contentUrl\":\"https:\/\/maisondoramaar.org\/wp-content\/uploads\/2024\/06\/DMCC_logo.png\",\"width\":521,\"height\":362,\"caption\":\"La Maison Dora Maar et L&#039;H\u00f4tel Tingry\"},\"image\":{\"@id\":\"https:\/\/maisondoramaar.org\/#\/schema\/logo\/image\/\"},\"sameAs\":[\"https:\/\/fr-fr.facebook.com\/doramaarhouse\/\",\"https:\/\/www.instagram.com\/lamaisondoramaar\"]}]}<\/script>\n<!-- \/ Yoast SEO plugin. -->","yoast_head_json":{"title":"R\u00e9server une visite - La Maison Dora Maar et L&#039;H\u00f4tel Tingry","robots":{"index":"index","follow":"follow","max-snippet":"max-snippet:-1","max-image-preview":"max-image-preview:large","max-video-preview":"max-video-preview:-1"},"canonical":"https:\/\/maisondoramaar.org\/fr\/visite\/reservez-une-visite\/","og_locale":"fr_FR","og_type":"article","og_title":"R\u00e9server une visite - La Maison Dora Maar et L&#039;H\u00f4tel Tingry","og_description":"r\u00e9server une visite Informations pratiques","og_url":"https:\/\/maisondoramaar.org\/fr\/visite\/reservez-une-visite\/","og_site_name":"La Maison Dora Maar et L&#039;H\u00f4tel Tingry","article_publisher":"https:\/\/fr-fr.facebook.com\/doramaarhouse\/","article_modified_time":"2024-11-12T15:55:27+00:00","og_image":[{"width":1769,"height":1294,"url":"https:\/\/maisondoramaar.org\/wp-content\/uploads\/2024\/10\/tour.jpg","type":"image\/jpeg"}],"twitter_card":"summary_large_image","twitter_misc":{"Est. reading time":"1 minute"},"schema":{"@context":"https:\/\/schema.org","@graph":[{"@type":"WebPage","@id":"https:\/\/maisondoramaar.org\/fr\/visite\/reservez-une-visite\/","url":"https:\/\/maisondoramaar.org\/fr\/visite\/reservez-une-visite\/","name":"R\u00e9server une visite - La Maison Dora Maar et L&#039;H\u00f4tel Tingry","isPartOf":{"@id":"https:\/\/maisondoramaar.org\/#website"},"primaryImageOfPage":{"@id":"https:\/\/maisondoramaar.org\/fr\/visite\/reservez-une-visite\/#primaryimage"},"image":{"@id":"https:\/\/maisondoramaar.org\/fr\/visite\/reservez-une-visite\/#primaryimage"},"thumbnailUrl":"https:\/\/maisondoramaar.org\/wp-content\/uploads\/2024\/10\/tour.jpg","datePublished":"2024-07-08T18:52:15+00:00","dateModified":"2024-11-12T15:55:27+00:00","breadcrumb":{"@id":"https:\/\/maisondoramaar.org\/fr\/visite\/reservez-une-visite\/#breadcrumb"},"inLanguage":"fr-FR","potentialAction":[{"@type":"ReadAction","target":["https:\/\/maisondoramaar.org\/fr\/visite\/reservez-une-visite\/"]}]},{"@type":"ImageObject","inLanguage":"fr-FR","@id":"https:\/\/maisondoramaar.org\/fr\/visite\/reservez-une-visite\/#primaryimage","url":"https:\/\/maisondoramaar.org\/wp-content\/uploads\/2024\/10\/tour.jpg","contentUrl":"https:\/\/maisondoramaar.org\/wp-content\/uploads\/2024\/10\/tour.jpg","width":1769,"height":1294},{"@type":"BreadcrumbList","@id":"https:\/\/maisondoramaar.org\/fr\/visite\/reservez-une-visite\/#breadcrumb","itemListElement":[{"@type":"ListItem","position":1,"name":"Accueil","item":"https:\/\/maisondoramaar.org\/fr\/"},{"@type":"ListItem","position":2,"name":"Visite","item":"https:\/\/maisondoramaar.org\/fr\/visite\/"},{"@type":"ListItem","position":3,"name":"R\u00e9server une visite"}]},{"@type":"WebSite","@id":"https:\/\/maisondoramaar.org\/#website","url":"https:\/\/maisondoramaar.org\/","name":"La Maison Dora Maar et L&#039;H\u00f4tel Tingry","description":"Des lieux d&#039;arts de la Fondation Nancy Brown Negley \u00e0 M\u00e9nerbes (Vaucluse), France","publisher":{"@id":"https:\/\/maisondoramaar.org\/#organization"},"potentialAction":[{"@type":"SearchAction","target":{"@type":"EntryPoint","urlTemplate":"https:\/\/maisondoramaar.org\/?s={search_term_string}"},"query-input":{"@type":"PropertyValueSpecification","valueRequired":true,"valueName":"search_term_string"}}],"inLanguage":"fr-FR"},{"@type":"Organization","@id":"https:\/\/maisondoramaar.org\/#organization","name":"La Maison Dora Maar et L&#039;H\u00f4tel Tingry","url":"https:\/\/maisondoramaar.org\/","logo":{"@type":"ImageObject","inLanguage":"fr-FR","@id":"https:\/\/maisondoramaar.org\/#\/schema\/logo\/image\/","url":"https:\/\/maisondoramaar.org\/wp-content\/uploads\/2024\/06\/DMCC_logo.png","contentUrl":"https:\/\/maisondoramaar.org\/wp-content\/uploads\/2024\/06\/DMCC_logo.png","width":521,"height":362,"caption":"La Maison Dora Maar et L&#039;H\u00f4tel Tingry"},"image":{"@id":"https:\/\/maisondoramaar.org\/#\/schema\/logo\/image\/"},"sameAs":["https:\/\/fr-fr.facebook.com\/doramaarhouse\/","https:\/\/www.instagram.com\/lamaisondoramaar"]}]}},"uagb_featured_image_src":{"full":["https:\/\/maisondoramaar.org\/wp-content\/uploads\/2024\/10\/tour.jpg",1769,1294,false],"thumbnail":["https:\/\/maisondoramaar.org\/wp-content\/uploads\/2024\/10\/tour-150x150.jpg",150,150,true],"medium":["https:\/\/maisondoramaar.org\/wp-content\/uploads\/2024\/10\/tour-300x219.jpg",300,219,true],"medium_large":["https:\/\/maisondoramaar.org\/wp-content\/uploads\/2024\/10\/tour-768x562.jpg",768,562,true],"large":["https:\/\/maisondoramaar.org\/wp-content\/uploads\/2024\/10\/tour-1024x749.jpg",1024,749,true],"1536x1536":["https:\/\/maisondoramaar.org\/wp-content\/uploads\/2024\/10\/tour-1536x1124.jpg",1536,1124,true],"2048x2048":["https:\/\/maisondoramaar.org\/wp-content\/uploads\/2024\/10\/tour.jpg",1769,1294,false],"featured":["https:\/\/maisondoramaar.org\/wp-content\/uploads\/2024\/10\/tour-1000x565.jpg",1000,565,true],"gform-image-choice-sm":["https:\/\/maisondoramaar.org\/wp-content\/uploads\/2024\/10\/tour.jpg",300,219,false],"gform-image-choice-md":["https:\/\/maisondoramaar.org\/wp-content\/uploads\/2024\/10\/tour.jpg",400,293,false],"gform-image-choice-lg":["https:\/\/maisondoramaar.org\/wp-content\/uploads\/2024\/10\/tour.jpg",600,439,false],"xl":["https:\/\/maisondoramaar.org\/wp-content\/uploads\/2024\/10\/tour-1600x1170.jpg",1600,1170,true],"xxl":["https:\/\/maisondoramaar.org\/wp-content\/uploads\/2024\/10\/tour.jpg",1769,1294,false],"xxxl":["https:\/\/maisondoramaar.org\/wp-content\/uploads\/2024\/10\/tour.jpg",1769,1294,false],"xxxxl":["https:\/\/maisondoramaar.org\/wp-content\/uploads\/2024\/10\/tour.jpg",1769,1294,false],"xxxxxl":["https:\/\/maisondoramaar.org\/wp-content\/uploads\/2024\/10\/tour.jpg",1769,1294,false],"awb_sm":["https:\/\/maisondoramaar.org\/wp-content\/uploads\/2024\/10\/tour-500x366.jpg",500,366,true],"awb_md":["https:\/\/maisondoramaar.org\/wp-content\/uploads\/2024\/10\/tour-800x585.jpg",800,585,true],"awb_lg":["https:\/\/maisondoramaar.org\/wp-content\/uploads\/2024\/10\/tour-1280x936.jpg",1280,936,true],"awb_xl":["https:\/\/maisondoramaar.org\/wp-content\/uploads\/2024\/10\/tour.jpg",1769,1294,false]},"uagb_author_info":{"display_name":"Benjamin","author_link":"https:\/\/maisondoramaar.org\/fr\/author\/benjamin\/"},"uagb_comment_info":0,"uagb_excerpt":"r\u00e9server une visite Informations pratiques","_links":{"self":[{"href":"https:\/\/maisondoramaar.org\/fr\/wp-json\/wp\/v2\/pages\/5842","targetHints":{"allow":["GET"]}}],"collection":[{"href":"https:\/\/maisondoramaar.org\/fr\/wp-json\/wp\/v2\/pages"}],"about":[{"href":"https:\/\/maisondoramaar.org\/fr\/wp-json\/wp\/v2\/types\/page"}],"author":[{"embeddable":true,"href":"https:\/\/maisondoramaar.org\/fr\/wp-json\/wp\/v2\/users\/7"}],"replies":[{"embeddable":true,"href":"https:\/\/maisondoramaar.org\/fr\/wp-json\/wp\/v2\/comments?post=5842"}],"version-history":[{"count":6,"href":"https:\/\/maisondoramaar.org\/fr\/wp-json\/wp\/v2\/pages\/5842\/revisions"}],"predecessor-version":[{"id":7694,"href":"https:\/\/maisondoramaar.org\/fr\/wp-json\/wp\/v2\/pages\/5842\/revisions\/7694"}],"up":[{"embeddable":true,"href":"https:\/\/maisondoramaar.org\/fr\/wp-json\/wp\/v2\/pages\/7339"}],"wp:featuredmedia":[{"embeddable":true,"href":"https:\/\/maisondoramaar.org\/fr\/wp-json\/wp\/v2\/media\/7239"}],"wp:attachment":[{"href":"https:\/\/maisondoramaar.org\/fr\/wp-json\/wp\/v2\/media?parent=5842"}],"curies":[{"name":"wp","href":"https:\/\/api.w.org\/{rel}","templated":true}]}}