{"id":7339,"date":"2024-10-21T18:04:20","date_gmt":"2024-10-21T16:04:20","guid":{"rendered":"https:\/\/staging.maisondoramaar.org\/visite\/"},"modified":"2025-10-03T14:59:46","modified_gmt":"2025-10-03T12:59:46","slug":"visite","status":"publish","type":"page","link":"https:\/\/maisondoramaar.org\/fr\/visite\/","title":{"rendered":"Visite"},"content":{"rendered":"\n<div class=\"wp-block-cover alignfull is-light\" style=\"margin-bottom:var(--wp--preset--spacing--50);min-height:100vh;aspect-ratio:unset;\"><span aria-hidden=\"true\" class=\"wp-block-cover__background has-background-dim-0 has-background-dim\" style=\"background-color:#979694\"><\/span><img loading=\"lazy\" decoding=\"async\" width=\"1333\" height=\"2000\" class=\"wp-block-cover__image-background wp-image-6084\" alt=\"\" src=\"https:\/\/maisondoramaar.org\/wp-content\/uploads\/2024\/08\/DM-office3-RR.jpg\" data-object-fit=\"cover\" srcset=\"https:\/\/maisondoramaar.org\/wp-content\/uploads\/2024\/08\/DM-office3-RR.jpg 1333w, https:\/\/maisondoramaar.org\/wp-content\/uploads\/2024\/08\/DM-office3-RR-200x300.jpg 200w, https:\/\/maisondoramaar.org\/wp-content\/uploads\/2024\/08\/DM-office3-RR-682x1024.jpg 682w, https:\/\/maisondoramaar.org\/wp-content\/uploads\/2024\/08\/DM-office3-RR-768x1152.jpg 768w, https:\/\/maisondoramaar.org\/wp-content\/uploads\/2024\/08\/DM-office3-RR-50x75.jpg 50w, https:\/\/maisondoramaar.org\/wp-content\/uploads\/2024\/08\/DM-office3-RR-1024x1536.jpg 1024w, https:\/\/maisondoramaar.org\/wp-content\/uploads\/2024\/08\/DM-office3-RR-500x750.jpg 500w, https:\/\/maisondoramaar.org\/wp-content\/uploads\/2024\/08\/DM-office3-RR-800x1200.jpg 800w, https:\/\/maisondoramaar.org\/wp-content\/uploads\/2024\/08\/DM-office3-RR-1280x1920.jpg 1280w\" sizes=\"auto, (max-width: 1333px) 100vw, 1333px\" \/><div class=\"wp-block-cover__inner-container is-layout-constrained wp-container-core-cover-is-layout-4a2fdd6a wp-block-cover-is-layout-constrained\">\n<p class=\"has-text-align-center has-large-font-size\"><\/p>\n<\/div><\/div>\n\n\n\n<h1 class=\"wp-block-heading has-text-align-center\">Visite<\/h1>\n\n\n\n<h3 class=\"wp-block-heading has-text-align-center\">Le centre culturel Dora Maar facilite les exp\u00e9riences de transformation dans le monde de l&#8217;art et des id\u00e9es.<\/h3>\n\n\n\n<div style=\"height:30px\" aria-hidden=\"true\" class=\"wp-block-spacer\"><\/div>\n\n\n<div class=\"list-select-pages-block\"><div class=\"select-page\"><a href=\"https:\/\/maisondoramaar.org\/fr\/visite\/notre-mission\/\"><img loading=\"lazy\" decoding=\"async\" width=\"1000\" height=\"565\" src=\"https:\/\/maisondoramaar.org\/wp-content\/uploads\/2024\/08\/DM-salon-RR6-1000x565.jpg\" class=\"attachment-featured size-featured wp-post-image\" alt=\"\" \/><h2>Notre Mission<\/h2><\/a><\/div><div class=\"select-page\"><a href=\"https:\/\/maisondoramaar.org\/fr\/visite\/evenements\/\"><img loading=\"lazy\" decoding=\"async\" width=\"1000\" height=\"565\" src=\"https:\/\/maisondoramaar.org\/wp-content\/uploads\/2026\/01\/IMG_1094-1000x565.jpg\" class=\"attachment-featured size-featured wp-post-image\" alt=\"\" \/><h2>\u00c9v\u00e9nements<\/h2><\/a><\/div><div class=\"select-page\"><a href=\"https:\/\/maisondoramaar.org\/fr\/visite\/evenements-2\/\"><img loading=\"lazy\" decoding=\"async\" width=\"1000\" height=\"565\" src=\"https:\/\/maisondoramaar.org\/wp-content\/uploads\/2026\/01\/IMG_1094-1000x565.jpg\" class=\"attachment-featured size-featured wp-post-image\" alt=\"\" \/><h2>\u00c9v\u00e8nements<\/h2><\/a><\/div><div class=\"select-page\"><a href=\"https:\/\/maisondoramaar.org\/fr\/visite\/reservez-une-visite\/\"><img loading=\"lazy\" decoding=\"async\" width=\"1000\" height=\"565\" src=\"https:\/\/maisondoramaar.org\/wp-content\/uploads\/2024\/10\/tour-1000x565.jpg\" class=\"attachment-featured size-featured wp-post-image\" alt=\"\" \/><h2>R\u00e9server une visite<\/h2><\/a><\/div><div class=\"select-page\"><a href=\"https:\/\/maisondoramaar.org\/fr\/visite\/maison-dora-maar\/\"><img loading=\"lazy\" decoding=\"async\" width=\"1000\" height=\"565\" src=\"https:\/\/maisondoramaar.org\/wp-content\/uploads\/2024\/07\/maison-dora-maar.jpg\" class=\"attachment-featured size-featured wp-post-image\" alt=\"\" srcset=\"https:\/\/maisondoramaar.org\/wp-content\/uploads\/2024\/07\/maison-dora-maar.jpg 1000w, https:\/\/maisondoramaar.org\/wp-content\/uploads\/2024\/07\/maison-dora-maar-300x170.jpg 300w, https:\/\/maisondoramaar.org\/wp-content\/uploads\/2024\/07\/maison-dora-maar-768x434.jpg 768w, https:\/\/maisondoramaar.org\/wp-content\/uploads\/2024\/07\/maison-dora-maar-500x283.jpg 500w, https:\/\/maisondoramaar.org\/wp-content\/uploads\/2024\/07\/maison-dora-maar-800x452.jpg 800w\" sizes=\"auto, (max-width: 1000px) 100vw, 1000px\" \/><h2>Maison Dora Maar<\/h2><\/a><\/div><div class=\"select-page\"><a href=\"https:\/\/maisondoramaar.org\/fr\/visite\/lhotel-de-tingry\/\"><img loading=\"lazy\" decoding=\"async\" width=\"1000\" height=\"565\" src=\"https:\/\/maisondoramaar.org\/wp-content\/uploads\/2024\/07\/hotel-featured.jpg\" class=\"attachment-featured size-featured wp-post-image\" alt=\"\" srcset=\"https:\/\/maisondoramaar.org\/wp-content\/uploads\/2024\/07\/hotel-featured.jpg 1000w, https:\/\/maisondoramaar.org\/wp-content\/uploads\/2024\/07\/hotel-featured-300x170.jpg 300w, https:\/\/maisondoramaar.org\/wp-content\/uploads\/2024\/07\/hotel-featured-768x434.jpg 768w, https:\/\/maisondoramaar.org\/wp-content\/uploads\/2024\/07\/hotel-featured-500x283.jpg 500w, https:\/\/maisondoramaar.org\/wp-content\/uploads\/2024\/07\/hotel-featured-800x452.jpg 800w\" sizes=\"auto, (max-width: 1000px) 100vw, 1000px\" \/><h2>H\u00f4tel de Tingry<\/h2><\/a><\/div><div class=\"select-page\"><a href=\"https:\/\/maisondoramaar.org\/fr\/visite\/la-mob\/\"><img loading=\"lazy\" decoding=\"async\" width=\"1000\" height=\"565\" src=\"https:\/\/maisondoramaar.org\/wp-content\/uploads\/2024\/08\/La-Mob-expo-secrets-1000x565.jpg\" class=\"attachment-featured size-featured wp-post-image\" alt=\"\" \/><h2>La Mob<\/h2><\/a><\/div><\/div>\n\n\n<div style=\"height:60px\" aria-hidden=\"true\" class=\"wp-block-spacer\"><\/div>\n","protected":false},"excerpt":{"rendered":"<p>Visite Le centre culturel Dora Maar facilite les exp\u00e9riences de transformation dans le monde de l&#8217;art et des id\u00e9es.<\/p>\n","protected":false},"author":7,"featured_media":6170,"parent":0,"menu_order":4,"comment_status":"closed","ping_status":"closed","template":"","meta":{"_acf_changed":false,"_uag_custom_page_level_css":"","site-sidebar-layout":"default","site-content-layout":"","ast-site-content-layout":"","site-content-style":"default","site-sidebar-style":"default","ast-global-header-display":"","ast-banner-title-visibility":"","ast-main-header-display":"","ast-hfb-above-header-display":"","ast-hfb-below-header-display":"","ast-hfb-mobile-header-display":"","site-post-title":"disabled","ast-breadcrumbs-content":"","ast-featured-img":"","footer-sml-layout":"","theme-transparent-header-meta":"","adv-header-id-meta":"","stick-header-meta":"","header-above-stick-meta":"","header-main-stick-meta":"","header-below-stick-meta":"","astra-migrate-meta-layouts":"default","ast-page-background-enabled":"default","ast-page-background-meta":{"desktop":{"background-color":"var(--ast-global-color-4)","background-image":"","background-repeat":"repeat","background-position":"center center","background-size":"auto","background-attachment":"scroll","background-type":"","background-media":"","overlay-type":"","overlay-color":"","overlay-opacity":"","overlay-gradient":""},"tablet":{"background-color":"","background-image":"","background-repeat":"repeat","background-position":"center center","background-size":"auto","background-attachment":"scroll","background-type":"","background-media":"","overlay-type":"","overlay-color":"","overlay-opacity":"","overlay-gradient":""},"mobile":{"background-color":"","background-image":"","background-repeat":"repeat","background-position":"center center","background-size":"auto","background-attachment":"scroll","background-type":"","background-media":"","overlay-type":"","overlay-color":"","overlay-opacity":"","overlay-gradient":""}},"ast-content-background-meta":{"desktop":{"background-color":"var(--ast-global-color-5)","background-image":"","background-repeat":"repeat","background-position":"center center","background-size":"auto","background-attachment":"scroll","background-type":"","background-media":"","overlay-type":"","overlay-color":"","overlay-opacity":"","overlay-gradient":""},"tablet":{"background-color":"var(--ast-global-color-5)","background-image":"","background-repeat":"repeat","background-position":"center center","background-size":"auto","background-attachment":"scroll","background-type":"","background-media":"","overlay-type":"","overlay-color":"","overlay-opacity":"","overlay-gradient":""},"mobile":{"background-color":"var(--ast-global-color-5)","background-image":"","background-repeat":"repeat","background-position":"center center","background-size":"auto","background-attachment":"scroll","background-type":"","background-media":"","overlay-type":"","overlay-color":"","overlay-opacity":"","overlay-gradient":""}},"footnotes":"","_links_to":"","_links_to_target":""},"class_list":["post-7339","page","type-page","status-publish","has-post-thumbnail","hentry"],"acf":[],"yoast_head":"<!-- This site is optimized with the Yoast SEO plugin v26.8 - https:\/\/yoast.com\/product\/yoast-seo-wordpress\/ -->\n<title>Visite - La Maison Dora Maar et L&#039;H\u00f4tel Tingry<\/title>\n<meta name=\"robots\" content=\"index, follow, max-snippet:-1, max-image-preview:large, max-video-preview:-1\" \/>\n<link rel=\"canonical\" href=\"https:\/\/maisondoramaar.org\/fr\/visite\/\" \/>\n<meta property=\"og:locale\" content=\"fr_FR\" \/>\n<meta property=\"og:type\" content=\"article\" \/>\n<meta property=\"og:title\" content=\"Visite - La Maison Dora Maar et L&#039;H\u00f4tel Tingry\" \/>\n<meta property=\"og:description\" content=\"Visite Le centre culturel Dora Maar facilite les exp\u00e9riences de transformation dans le monde de l&#8217;art et des id\u00e9es.\" \/>\n<meta property=\"og:url\" content=\"https:\/\/maisondoramaar.org\/fr\/visite\/\" \/>\n<meta property=\"og:site_name\" content=\"La Maison Dora Maar et L&#039;H\u00f4tel Tingry\" \/>\n<meta property=\"article:publisher\" content=\"https:\/\/fr-fr.facebook.com\/doramaarhouse\/\" \/>\n<meta property=\"article:modified_time\" content=\"2025-10-03T12:59:46+00:00\" \/>\n<meta property=\"og:image\" content=\"https:\/\/maisondoramaar.org\/wp-content\/uploads\/2024\/08\/La-Mob-expo-secrets.jpg\" \/>\n\t<meta property=\"og:image:width\" content=\"2000\" \/>\n\t<meta property=\"og:image:height\" content=\"1460\" \/>\n\t<meta property=\"og:image:type\" content=\"image\/jpeg\" \/>\n<meta name=\"twitter:card\" content=\"summary_large_image\" \/>\n<meta name=\"twitter:label1\" content=\"Est. reading time\" \/>\n\t<meta name=\"twitter:data1\" content=\"1 minute\" \/>\n<script type=\"application\/ld+json\" class=\"yoast-schema-graph\">{\"@context\":\"https:\/\/schema.org\",\"@graph\":[{\"@type\":\"WebPage\",\"@id\":\"https:\/\/maisondoramaar.org\/fr\/visite\/\",\"url\":\"https:\/\/maisondoramaar.org\/fr\/visite\/\",\"name\":\"Visite - La Maison Dora Maar et L&#039;H\u00f4tel Tingry\",\"isPartOf\":{\"@id\":\"https:\/\/maisondoramaar.org\/#website\"},\"primaryImageOfPage\":{\"@id\":\"https:\/\/maisondoramaar.org\/fr\/visite\/#primaryimage\"},\"image\":{\"@id\":\"https:\/\/maisondoramaar.org\/fr\/visite\/#primaryimage\"},\"thumbnailUrl\":\"https:\/\/maisondoramaar.org\/wp-content\/uploads\/2024\/08\/La-Mob-expo-secrets.jpg\",\"datePublished\":\"2024-10-21T16:04:20+00:00\",\"dateModified\":\"2025-10-03T12:59:46+00:00\",\"breadcrumb\":{\"@id\":\"https:\/\/maisondoramaar.org\/fr\/visite\/#breadcrumb\"},\"inLanguage\":\"fr-FR\",\"potentialAction\":[{\"@type\":\"ReadAction\",\"target\":[\"https:\/\/maisondoramaar.org\/fr\/visite\/\"]}]},{\"@type\":\"ImageObject\",\"inLanguage\":\"fr-FR\",\"@id\":\"https:\/\/maisondoramaar.org\/fr\/visite\/#primaryimage\",\"url\":\"https:\/\/maisondoramaar.org\/wp-content\/uploads\/2024\/08\/La-Mob-expo-secrets.jpg\",\"contentUrl\":\"https:\/\/maisondoramaar.org\/wp-content\/uploads\/2024\/08\/La-Mob-expo-secrets.jpg\",\"width\":2000,\"height\":1460},{\"@type\":\"BreadcrumbList\",\"@id\":\"https:\/\/maisondoramaar.org\/fr\/visite\/#breadcrumb\",\"itemListElement\":[{\"@type\":\"ListItem\",\"position\":1,\"name\":\"Accueil\",\"item\":\"https:\/\/maisondoramaar.org\/fr\/\"},{\"@type\":\"ListItem\",\"position\":2,\"name\":\"Visite\"}]},{\"@type\":\"WebSite\",\"@id\":\"https:\/\/maisondoramaar.org\/#website\",\"url\":\"https:\/\/maisondoramaar.org\/\",\"name\":\"La Maison Dora Maar et L&#039;H\u00f4tel Tingry\",\"description\":\"Des lieux d&#039;arts de la Fondation Nancy Brown Negley \u00e0 M\u00e9nerbes (Vaucluse), France\",\"publisher\":{\"@id\":\"https:\/\/maisondoramaar.org\/#organization\"},\"potentialAction\":[{\"@type\":\"SearchAction\",\"target\":{\"@type\":\"EntryPoint\",\"urlTemplate\":\"https:\/\/maisondoramaar.org\/?s={search_term_string}\"},\"query-input\":{\"@type\":\"PropertyValueSpecification\",\"valueRequired\":true,\"valueName\":\"search_term_string\"}}],\"inLanguage\":\"fr-FR\"},{\"@type\":\"Organization\",\"@id\":\"https:\/\/maisondoramaar.org\/#organization\",\"name\":\"La Maison Dora Maar et L&#039;H\u00f4tel Tingry\",\"url\":\"https:\/\/maisondoramaar.org\/\",\"logo\":{\"@type\":\"ImageObject\",\"inLanguage\":\"fr-FR\",\"@id\":\"https:\/\/maisondoramaar.org\/#\/schema\/logo\/image\/\",\"url\":\"https:\/\/maisondoramaar.org\/wp-content\/uploads\/2024\/06\/DMCC_logo.png\",\"contentUrl\":\"https:\/\/maisondoramaar.org\/wp-content\/uploads\/2024\/06\/DMCC_logo.png\",\"width\":521,\"height\":362,\"caption\":\"La Maison Dora Maar et L&#039;H\u00f4tel Tingry\"},\"image\":{\"@id\":\"https:\/\/maisondoramaar.org\/#\/schema\/logo\/image\/\"},\"sameAs\":[\"https:\/\/fr-fr.facebook.com\/doramaarhouse\/\",\"https:\/\/www.instagram.com\/lamaisondoramaar\"]}]}<\/script>\n<!-- \/ Yoast SEO plugin. -->","yoast_head_json":{"title":"Visite - La Maison Dora Maar et L&#039;H\u00f4tel Tingry","robots":{"index":"index","follow":"follow","max-snippet":"max-snippet:-1","max-image-preview":"max-image-preview:large","max-video-preview":"max-video-preview:-1"},"canonical":"https:\/\/maisondoramaar.org\/fr\/visite\/","og_locale":"fr_FR","og_type":"article","og_title":"Visite - La Maison Dora Maar et L&#039;H\u00f4tel Tingry","og_description":"Visite Le centre culturel Dora Maar facilite les exp\u00e9riences de transformation dans le monde de l&#8217;art et des id\u00e9es.","og_url":"https:\/\/maisondoramaar.org\/fr\/visite\/","og_site_name":"La Maison Dora Maar et L&#039;H\u00f4tel Tingry","article_publisher":"https:\/\/fr-fr.facebook.com\/doramaarhouse\/","article_modified_time":"2025-10-03T12:59:46+00:00","og_image":[{"width":2000,"height":1460,"url":"https:\/\/maisondoramaar.org\/wp-content\/uploads\/2024\/08\/La-Mob-expo-secrets.jpg","type":"image\/jpeg"}],"twitter_card":"summary_large_image","twitter_misc":{"Est. reading time":"1 minute"},"schema":{"@context":"https:\/\/schema.org","@graph":[{"@type":"WebPage","@id":"https:\/\/maisondoramaar.org\/fr\/visite\/","url":"https:\/\/maisondoramaar.org\/fr\/visite\/","name":"Visite - La Maison Dora Maar et L&#039;H\u00f4tel Tingry","isPartOf":{"@id":"https:\/\/maisondoramaar.org\/#website"},"primaryImageOfPage":{"@id":"https:\/\/maisondoramaar.org\/fr\/visite\/#primaryimage"},"image":{"@id":"https:\/\/maisondoramaar.org\/fr\/visite\/#primaryimage"},"thumbnailUrl":"https:\/\/maisondoramaar.org\/wp-content\/uploads\/2024\/08\/La-Mob-expo-secrets.jpg","datePublished":"2024-10-21T16:04:20+00:00","dateModified":"2025-10-03T12:59:46+00:00","breadcrumb":{"@id":"https:\/\/maisondoramaar.org\/fr\/visite\/#breadcrumb"},"inLanguage":"fr-FR","potentialAction":[{"@type":"ReadAction","target":["https:\/\/maisondoramaar.org\/fr\/visite\/"]}]},{"@type":"ImageObject","inLanguage":"fr-FR","@id":"https:\/\/maisondoramaar.org\/fr\/visite\/#primaryimage","url":"https:\/\/maisondoramaar.org\/wp-content\/uploads\/2024\/08\/La-Mob-expo-secrets.jpg","contentUrl":"https:\/\/maisondoramaar.org\/wp-content\/uploads\/2024\/08\/La-Mob-expo-secrets.jpg","width":2000,"height":1460},{"@type":"BreadcrumbList","@id":"https:\/\/maisondoramaar.org\/fr\/visite\/#breadcrumb","itemListElement":[{"@type":"ListItem","position":1,"name":"Accueil","item":"https:\/\/maisondoramaar.org\/fr\/"},{"@type":"ListItem","position":2,"name":"Visite"}]},{"@type":"WebSite","@id":"https:\/\/maisondoramaar.org\/#website","url":"https:\/\/maisondoramaar.org\/","name":"La Maison Dora Maar et L&#039;H\u00f4tel Tingry","description":"Des lieux d&#039;arts de la Fondation Nancy Brown Negley \u00e0 M\u00e9nerbes (Vaucluse), France","publisher":{"@id":"https:\/\/maisondoramaar.org\/#organization"},"potentialAction":[{"@type":"SearchAction","target":{"@type":"EntryPoint","urlTemplate":"https:\/\/maisondoramaar.org\/?s={search_term_string}"},"query-input":{"@type":"PropertyValueSpecification","valueRequired":true,"valueName":"search_term_string"}}],"inLanguage":"fr-FR"},{"@type":"Organization","@id":"https:\/\/maisondoramaar.org\/#organization","name":"La Maison Dora Maar et L&#039;H\u00f4tel Tingry","url":"https:\/\/maisondoramaar.org\/","logo":{"@type":"ImageObject","inLanguage":"fr-FR","@id":"https:\/\/maisondoramaar.org\/#\/schema\/logo\/image\/","url":"https:\/\/maisondoramaar.org\/wp-content\/uploads\/2024\/06\/DMCC_logo.png","contentUrl":"https:\/\/maisondoramaar.org\/wp-content\/uploads\/2024\/06\/DMCC_logo.png","width":521,"height":362,"caption":"La Maison Dora Maar et L&#039;H\u00f4tel Tingry"},"image":{"@id":"https:\/\/maisondoramaar.org\/#\/schema\/logo\/image\/"},"sameAs":["https:\/\/fr-fr.facebook.com\/doramaarhouse\/","https:\/\/www.instagram.com\/lamaisondoramaar"]}]}},"uagb_featured_image_src":{"full":["https:\/\/maisondoramaar.org\/wp-content\/uploads\/2024\/08\/La-Mob-expo-secrets.jpg",2000,1460,false],"thumbnail":["https:\/\/maisondoramaar.org\/wp-content\/uploads\/2024\/08\/La-Mob-expo-secrets-150x150.jpg",150,150,true],"medium":["https:\/\/maisondoramaar.org\/wp-content\/uploads\/2024\/08\/La-Mob-expo-secrets-300x219.jpg",300,219,true],"medium_large":["https:\/\/maisondoramaar.org\/wp-content\/uploads\/2024\/08\/La-Mob-expo-secrets-768x561.jpg",768,561,true],"large":["https:\/\/maisondoramaar.org\/wp-content\/uploads\/2024\/08\/La-Mob-expo-secrets-1024x748.jpg",1024,748,true],"1536x1536":["https:\/\/maisondoramaar.org\/wp-content\/uploads\/2024\/08\/La-Mob-expo-secrets-1536x1121.jpg",1536,1121,true],"2048x2048":["https:\/\/maisondoramaar.org\/wp-content\/uploads\/2024\/08\/La-Mob-expo-secrets.jpg",2000,1460,false],"featured":["https:\/\/maisondoramaar.org\/wp-content\/uploads\/2024\/08\/La-Mob-expo-secrets-1000x565.jpg",1000,565,true],"gform-image-choice-sm":["https:\/\/maisondoramaar.org\/wp-content\/uploads\/2024\/08\/La-Mob-expo-secrets.jpg",300,219,false],"gform-image-choice-md":["https:\/\/maisondoramaar.org\/wp-content\/uploads\/2024\/08\/La-Mob-expo-secrets.jpg",400,292,false],"gform-image-choice-lg":["https:\/\/maisondoramaar.org\/wp-content\/uploads\/2024\/08\/La-Mob-expo-secrets.jpg",600,438,false],"xl":["https:\/\/maisondoramaar.org\/wp-content\/uploads\/2024\/08\/La-Mob-expo-secrets-1600x1168.jpg",1600,1168,true],"xxl":["https:\/\/maisondoramaar.org\/wp-content\/uploads\/2024\/08\/La-Mob-expo-secrets.jpg",2000,1460,false],"xxxl":["https:\/\/maisondoramaar.org\/wp-content\/uploads\/2024\/08\/La-Mob-expo-secrets.jpg",2000,1460,false],"xxxxl":["https:\/\/maisondoramaar.org\/wp-content\/uploads\/2024\/08\/La-Mob-expo-secrets.jpg",2000,1460,false],"xxxxxl":["https:\/\/maisondoramaar.org\/wp-content\/uploads\/2024\/08\/La-Mob-expo-secrets.jpg",2000,1460,false],"awb_sm":["https:\/\/maisondoramaar.org\/wp-content\/uploads\/2024\/08\/La-Mob-expo-secrets-500x365.jpg",500,365,true],"awb_md":["https:\/\/maisondoramaar.org\/wp-content\/uploads\/2024\/08\/La-Mob-expo-secrets-800x584.jpg",800,584,true],"awb_lg":["https:\/\/maisondoramaar.org\/wp-content\/uploads\/2024\/08\/La-Mob-expo-secrets-1280x934.jpg",1280,934,true],"awb_xl":["https:\/\/maisondoramaar.org\/wp-content\/uploads\/2024\/08\/La-Mob-expo-secrets-1920x1402.jpg",1920,1402,true]},"uagb_author_info":{"display_name":"Benjamin","author_link":"https:\/\/maisondoramaar.org\/fr\/author\/benjamin\/"},"uagb_comment_info":0,"uagb_excerpt":"Visite Le centre culturel Dora Maar facilite les exp\u00e9riences de transformation dans le monde de l&#8217;art et des id\u00e9es.","_links":{"self":[{"href":"https:\/\/maisondoramaar.org\/fr\/wp-json\/wp\/v2\/pages\/7339","targetHints":{"allow":["GET"]}}],"collection":[{"href":"https:\/\/maisondoramaar.org\/fr\/wp-json\/wp\/v2\/pages"}],"about":[{"href":"https:\/\/maisondoramaar.org\/fr\/wp-json\/wp\/v2\/types\/page"}],"author":[{"embeddable":true,"href":"https:\/\/maisondoramaar.org\/fr\/wp-json\/wp\/v2\/users\/7"}],"replies":[{"embeddable":true,"href":"https:\/\/maisondoramaar.org\/fr\/wp-json\/wp\/v2\/comments?post=7339"}],"version-history":[{"count":5,"href":"https:\/\/maisondoramaar.org\/fr\/wp-json\/wp\/v2\/pages\/7339\/revisions"}],"predecessor-version":[{"id":8692,"href":"https:\/\/maisondoramaar.org\/fr\/wp-json\/wp\/v2\/pages\/7339\/revisions\/8692"}],"wp:featuredmedia":[{"embeddable":true,"href":"https:\/\/maisondoramaar.org\/fr\/wp-json\/wp\/v2\/media\/6170"}],"wp:attachment":[{"href":"https:\/\/maisondoramaar.org\/fr\/wp-json\/wp\/v2\/media?parent=7339"}],"curies":[{"name":"wp","href":"https:\/\/api.w.org\/{rel}","templated":true}]}}