{"id":7341,"date":"2024-10-21T18:07:29","date_gmt":"2024-10-21T16:07:29","guid":{"rendered":"https:\/\/staging.maisondoramaar.org\/visite\/notre-mission\/"},"modified":"2025-03-18T12:07:07","modified_gmt":"2025-03-18T11:07:07","slug":"notre-mission","status":"publish","type":"page","link":"https:\/\/maisondoramaar.org\/fr\/visite\/notre-mission\/","title":{"rendered":"Notre Mission"},"content":{"rendered":"\n<div class=\"wp-block-cover alignfull parallax\" style=\"margin-top:0;margin-bottom:var(--wp--preset--spacing--40);min-height:80vh;aspect-ratio:unset;\"><span aria-hidden=\"true\" class=\"wp-block-cover__background has-background-dim-0 has-background-dim\" style=\"background-color:#a37265\"><\/span><img loading=\"lazy\" decoding=\"async\" width=\"2000\" height=\"1333\" class=\"wp-block-cover__image-background wp-image-6109\" alt=\"\" src=\"https:\/\/maisondoramaar.org\/wp-content\/uploads\/2024\/08\/DM-salon-RR6.jpg\" data-object-fit=\"cover\" srcset=\"https:\/\/maisondoramaar.org\/wp-content\/uploads\/2024\/08\/DM-salon-RR6.jpg 2000w, https:\/\/maisondoramaar.org\/wp-content\/uploads\/2024\/08\/DM-salon-RR6-300x200.jpg 300w, https:\/\/maisondoramaar.org\/wp-content\/uploads\/2024\/08\/DM-salon-RR6-1024x682.jpg 1024w, https:\/\/maisondoramaar.org\/wp-content\/uploads\/2024\/08\/DM-salon-RR6-768x512.jpg 768w, https:\/\/maisondoramaar.org\/wp-content\/uploads\/2024\/08\/DM-salon-RR6-50x33.jpg 50w, https:\/\/maisondoramaar.org\/wp-content\/uploads\/2024\/08\/DM-salon-RR6-1600x1066.jpg 1600w, https:\/\/maisondoramaar.org\/wp-content\/uploads\/2024\/08\/DM-salon-RR6-1536x1024.jpg 1536w, https:\/\/maisondoramaar.org\/wp-content\/uploads\/2024\/08\/DM-salon-RR6-500x333.jpg 500w, https:\/\/maisondoramaar.org\/wp-content\/uploads\/2024\/08\/DM-salon-RR6-800x533.jpg 800w, https:\/\/maisondoramaar.org\/wp-content\/uploads\/2024\/08\/DM-salon-RR6-1280x853.jpg 1280w, https:\/\/maisondoramaar.org\/wp-content\/uploads\/2024\/08\/DM-salon-RR6-1920x1280.jpg 1920w\" sizes=\"auto, (max-width: 2000px) 100vw, 2000px\" \/><div class=\"wp-block-cover__inner-container is-layout-constrained wp-block-cover-is-layout-constrained\">\n<p class=\"has-text-align-center has-large-font-size\"><\/p>\n<\/div><\/div>\n\n\n\n<div style=\"height:60px\" aria-hidden=\"true\" class=\"wp-block-spacer\"><\/div>\n\n\n\n<h2 class=\"wp-block-heading has-text-align-center\" id=\"History\" style=\"font-style:normal;font-weight:300\"><strong>Notre Mission<\/strong><\/h2>\n\n\n\n<p class=\"drop-l\">Le Centre Culturel Dora Maar, situ\u00e9 dans la Maison Dora Maar et l&#8217;H\u00f4tel de Tingry \u00e0 M\u00e9nerbes, en France, offre des r\u00e9sidences d&#8217;artistes \u00e0 des individus dot\u00e9s d&#8217;une vision exceptionnelle pour produire des \u0153uvres d&#8217;art, de litt\u00e9rature et d&#8217;\u00e9rudition durables. Le Centre est une organisation d&#8217;art et d&#8217;id\u00e9es qui inspire ses r\u00e9sidents, ses membres et son public par le biais de son programme de bourses, d&#8217;expositions, de conf\u00e9rences et d&#8217;\u00e9v\u00e9nements, au niveau local et international. Le Centre culturel Dora Maar facilite les exp\u00e9riences de transformation dans le monde de l&#8217;art et des id\u00e9es :<\/p>\n\n\n\n<p>En inspirant la cr\u00e9ativit\u00e9 et l&#8217;innovation ; en maintenant un environnement de r\u00e9sidence favorable et nourrissant ; en soutenant la pr\u00e9servation historique et la culture ; en favorisant un engagement dynamique et un \u00e9change ouvert d&#8217;id\u00e9es ; en encourageant l&#8217;interdisciplinarit\u00e9 ; en soutenant la diversit\u00e9 et l&#8217;inclusion ; en promouvant l&#8217;ouverture r\u00e9gionale et internationale.<\/p>\n\n\n\n<div style=\"height:60px\" aria-hidden=\"true\" class=\"wp-block-spacer\"><\/div>\n\n\n\n<div class=\"wp-block-columns alignfull is-layout-flex wp-container-core-columns-is-layout-07b7b7eb wp-block-columns-is-layout-flex\" style=\"padding-top:0;padding-right:0;padding-bottom:0;padding-left:0\">\n<div class=\"wp-block-column is-layout-flow wp-block-column-is-layout-flow\">\n<div class=\"wp-block-cover\" style=\"min-height:60vh;aspect-ratio:unset;\"><span aria-hidden=\"true\" class=\"wp-block-cover__background has-background-dim-0 has-background-dim\" style=\"background-color:#8b9e96\"><\/span><img loading=\"lazy\" decoding=\"async\" width=\"1333\" height=\"2000\" class=\"wp-block-cover__image-background wp-image-6029\" alt=\"\" src=\"https:\/\/maisondoramaar.org\/wp-content\/uploads\/2024\/08\/DM-front-gate1-RR.jpg\" style=\"object-position:55% 81%\" data-object-fit=\"cover\" data-object-position=\"55% 81%\" srcset=\"https:\/\/maisondoramaar.org\/wp-content\/uploads\/2024\/08\/DM-front-gate1-RR.jpg 1333w, https:\/\/maisondoramaar.org\/wp-content\/uploads\/2024\/08\/DM-front-gate1-RR-200x300.jpg 200w, https:\/\/maisondoramaar.org\/wp-content\/uploads\/2024\/08\/DM-front-gate1-RR-682x1024.jpg 682w, https:\/\/maisondoramaar.org\/wp-content\/uploads\/2024\/08\/DM-front-gate1-RR-768x1152.jpg 768w, https:\/\/maisondoramaar.org\/wp-content\/uploads\/2024\/08\/DM-front-gate1-RR-50x75.jpg 50w, https:\/\/maisondoramaar.org\/wp-content\/uploads\/2024\/08\/DM-front-gate1-RR-1024x1536.jpg 1024w, https:\/\/maisondoramaar.org\/wp-content\/uploads\/2024\/08\/DM-front-gate1-RR-500x750.jpg 500w, https:\/\/maisondoramaar.org\/wp-content\/uploads\/2024\/08\/DM-front-gate1-RR-800x1200.jpg 800w, https:\/\/maisondoramaar.org\/wp-content\/uploads\/2024\/08\/DM-front-gate1-RR-1280x1920.jpg 1280w\" sizes=\"auto, (max-width: 1333px) 100vw, 1333px\" \/><div class=\"wp-block-cover__inner-container is-layout-constrained wp-block-cover-is-layout-constrained\">\n<p class=\"has-text-align-center has-large-font-size\"><\/p>\n<\/div><\/div>\n<\/div>\n\n\n\n<div class=\"wp-block-column is-layout-flow wp-block-column-is-layout-flow\">\n<div class=\"wp-block-cover\" style=\"min-height:60vh;aspect-ratio:unset;\"><span aria-hidden=\"true\" class=\"wp-block-cover__background has-background-dim-0 has-background-dim\" style=\"background-color:#8b9e96\"><\/span><img loading=\"lazy\" decoding=\"async\" width=\"700\" height=\"467\" class=\"wp-block-cover__image-background wp-image-6882\" alt=\"\" src=\"https:\/\/maisondoramaar.org\/wp-content\/uploads\/2024\/09\/conference1.jpg\" data-object-fit=\"cover\" srcset=\"https:\/\/maisondoramaar.org\/wp-content\/uploads\/2024\/09\/conference1.jpg 700w, https:\/\/maisondoramaar.org\/wp-content\/uploads\/2024\/09\/conference1-300x200.jpg 300w, https:\/\/maisondoramaar.org\/wp-content\/uploads\/2024\/09\/conference1-500x334.jpg 500w\" sizes=\"auto, (max-width: 700px) 100vw, 700px\" \/><div class=\"wp-block-cover__inner-container is-layout-constrained wp-block-cover-is-layout-constrained\">\n<p class=\"has-text-align-center has-large-font-size\"><\/p>\n<\/div><\/div>\n<\/div>\n\n\n\n<div class=\"wp-block-column is-layout-flow wp-block-column-is-layout-flow\">\n<div class=\"wp-block-cover is-light\" style=\"min-height:60vh;aspect-ratio:unset;\"><span aria-hidden=\"true\" class=\"wp-block-cover__background has-background-dim-0 has-background-dim\" style=\"background-color:#8b9e96\"><\/span><img loading=\"lazy\" decoding=\"async\" width=\"1500\" height=\"2000\" class=\"wp-block-cover__image-background wp-image-6259\" alt=\"\" src=\"https:\/\/maisondoramaar.org\/wp-content\/uploads\/2024\/08\/TG-expo-silk.jpg\" style=\"object-position:53% 71%\" data-object-fit=\"cover\" data-object-position=\"53% 71%\" srcset=\"https:\/\/maisondoramaar.org\/wp-content\/uploads\/2024\/08\/TG-expo-silk.jpg 1500w, https:\/\/maisondoramaar.org\/wp-content\/uploads\/2024\/08\/TG-expo-silk-225x300.jpg 225w, https:\/\/maisondoramaar.org\/wp-content\/uploads\/2024\/08\/TG-expo-silk-768x1024.jpg 768w, https:\/\/maisondoramaar.org\/wp-content\/uploads\/2024\/08\/TG-expo-silk-50x67.jpg 50w, https:\/\/maisondoramaar.org\/wp-content\/uploads\/2024\/08\/TG-expo-silk-1152x1536.jpg 1152w, https:\/\/maisondoramaar.org\/wp-content\/uploads\/2024\/08\/TG-expo-silk-500x667.jpg 500w, https:\/\/maisondoramaar.org\/wp-content\/uploads\/2024\/08\/TG-expo-silk-800x1067.jpg 800w, https:\/\/maisondoramaar.org\/wp-content\/uploads\/2024\/08\/TG-expo-silk-1280x1707.jpg 1280w\" sizes=\"auto, (max-width: 1500px) 100vw, 1500px\" \/><div class=\"wp-block-cover__inner-container is-layout-constrained wp-block-cover-is-layout-constrained\">\n<p class=\"has-text-align-center has-large-font-size\"><\/p>\n<\/div><\/div>\n<\/div>\n<\/div>\n\n\n\n<div style=\"height:60px\" aria-hidden=\"true\" class=\"wp-block-spacer\"><\/div>\n\n\n\n<h2 class=\"wp-block-heading has-text-align-center\"><strong>Histoire du DMCC<\/strong><\/h2>\n\n\n\n<p class=\"drop-d\">Depuis 2007, le \u00ab&nbsp;Nancy B. Negley Artists Residency Program&nbsp;\u00bb, qui a son si\u00e8ge \u00e0 la Maison Dora Maar, propose des r\u00e9sidences d\u2019un \u00e0 deux mois \u00e0 des experts en litt\u00e9rature, en arts et en sciences humaines \u00e0 mi-carri\u00e8re qui souhaitent mener \u00e0 bien un projet dans leur domaine de sp\u00e9cialisation. Le programme a \u00e9t\u00e9 dirig\u00e9 \u00e0 l\u2019origine par Katherine Howe en collaboration avec la Brown Foundation et le Museum of Fine Arts, Houston.<\/p>\n\n\n\n<p>En 2020, l&#8217;Association Nancy B. Negley est cr\u00e9\u00e9e sous l&#8217;\u00e9gide de la Fondation M\u00e9rim\u00e9e. L&#8217;H\u00f4tel de Tingry (class\u00e9 monument historique) est ajout\u00e9 au Centre Culturel Dora Maar. Les deux associations, la French NBN Association et l&#8217;American DMCC Foundation, travaillent ensemble \u00e0 la r\u00e9alisation de la mission.<\/p>\n\n\n\n<div style=\"height:60px\" aria-hidden=\"true\" class=\"wp-block-spacer\"><\/div>\n","protected":false},"excerpt":{"rendered":"<p>Cette page d\u00e9taille la mission du Centre Culturel Dora Maar, l&#8217;histoire du Centre Culturel Dora Maar et du programme de r\u00e9sidence.<\/p>\n","protected":false},"author":7,"featured_media":6110,"parent":7339,"menu_order":0,"comment_status":"closed","ping_status":"closed","template":"","meta":{"_acf_changed":false,"_uag_custom_page_level_css":"","site-sidebar-layout":"default","site-content-layout":"","ast-site-content-layout":"default","site-content-style":"default","site-sidebar-style":"default","ast-global-header-display":"","ast-banner-title-visibility":"","ast-main-header-display":"","ast-hfb-above-header-display":"","ast-hfb-below-header-display":"","ast-hfb-mobile-header-display":"","site-post-title":"","ast-breadcrumbs-content":"","ast-featured-img":"","footer-sml-layout":"","theme-transparent-header-meta":"","adv-header-id-meta":"","stick-header-meta":"","header-above-stick-meta":"","header-main-stick-meta":"","header-below-stick-meta":"","astra-migrate-meta-layouts":"default","ast-page-background-enabled":"default","ast-page-background-meta":{"desktop":{"background-color":"var(--ast-global-color-4)","background-image":"","background-repeat":"repeat","background-position":"center center","background-size":"auto","background-attachment":"scroll","background-type":"","background-media":"","overlay-type":"","overlay-color":"","overlay-opacity":"","overlay-gradient":""},"tablet":{"background-color":"","background-image":"","background-repeat":"repeat","background-position":"center center","background-size":"auto","background-attachment":"scroll","background-type":"","background-media":"","overlay-type":"","overlay-color":"","overlay-opacity":"","overlay-gradient":""},"mobile":{"background-color":"","background-image":"","background-repeat":"repeat","background-position":"center center","background-size":"auto","background-attachment":"scroll","background-type":"","background-media":"","overlay-type":"","overlay-color":"","overlay-opacity":"","overlay-gradient":""}},"ast-content-background-meta":{"desktop":{"background-color":"var(--ast-global-color-5)","background-image":"","background-repeat":"repeat","background-position":"center center","background-size":"auto","background-attachment":"scroll","background-type":"","background-media":"","overlay-type":"","overlay-color":"","overlay-opacity":"","overlay-gradient":""},"tablet":{"background-color":"var(--ast-global-color-5)","background-image":"","background-repeat":"repeat","background-position":"center center","background-size":"auto","background-attachment":"scroll","background-type":"","background-media":"","overlay-type":"","overlay-color":"","overlay-opacity":"","overlay-gradient":""},"mobile":{"background-color":"var(--ast-global-color-5)","background-image":"","background-repeat":"repeat","background-position":"center center","background-size":"auto","background-attachment":"scroll","background-type":"","background-media":"","overlay-type":"","overlay-color":"","overlay-opacity":"","overlay-gradient":""}},"footnotes":"","_links_to":"","_links_to_target":""},"class_list":["post-7341","page","type-page","status-publish","has-post-thumbnail","hentry"],"acf":[],"yoast_head":"<!-- This site is optimized with the Yoast SEO plugin v26.8 - https:\/\/yoast.com\/product\/yoast-seo-wordpress\/ -->\n<title>Notre Mission - La Maison Dora Maar et L&#039;H\u00f4tel Tingry<\/title>\n<meta name=\"robots\" content=\"index, follow, max-snippet:-1, max-image-preview:large, max-video-preview:-1\" \/>\n<link rel=\"canonical\" href=\"https:\/\/maisondoramaar.org\/fr\/visite\/notre-mission\/\" \/>\n<meta property=\"og:locale\" content=\"fr_FR\" \/>\n<meta property=\"og:type\" content=\"article\" \/>\n<meta property=\"og:title\" content=\"Notre Mission - La Maison Dora Maar et L&#039;H\u00f4tel Tingry\" \/>\n<meta property=\"og:description\" content=\"Cette page d\u00e9taille la mission du Centre Culturel Dora Maar, l&#039;histoire du Centre Culturel Dora Maar et du programme de r\u00e9sidence.\" \/>\n<meta property=\"og:url\" content=\"https:\/\/maisondoramaar.org\/fr\/visite\/notre-mission\/\" \/>\n<meta property=\"og:site_name\" content=\"La Maison Dora Maar et L&#039;H\u00f4tel Tingry\" \/>\n<meta property=\"article:publisher\" content=\"https:\/\/fr-fr.facebook.com\/doramaarhouse\/\" \/>\n<meta property=\"article:modified_time\" content=\"2025-03-18T11:07:07+00:00\" \/>\n<meta property=\"og:image\" content=\"https:\/\/maisondoramaar.org\/wp-content\/uploads\/2024\/08\/DM-salon-RR6.jpg\" \/>\n\t<meta property=\"og:image:width\" content=\"2000\" \/>\n\t<meta property=\"og:image:height\" content=\"1333\" \/>\n\t<meta property=\"og:image:type\" content=\"image\/jpeg\" \/>\n<meta name=\"twitter:card\" content=\"summary_large_image\" \/>\n<meta name=\"twitter:label1\" content=\"Est. reading time\" \/>\n\t<meta name=\"twitter:data1\" content=\"3 minutes\" \/>\n<script type=\"application\/ld+json\" class=\"yoast-schema-graph\">{\"@context\":\"https:\/\/schema.org\",\"@graph\":[{\"@type\":\"WebPage\",\"@id\":\"https:\/\/maisondoramaar.org\/fr\/visite\/notre-mission\/\",\"url\":\"https:\/\/maisondoramaar.org\/fr\/visite\/notre-mission\/\",\"name\":\"Notre Mission - La Maison Dora Maar et L&#039;H\u00f4tel Tingry\",\"isPartOf\":{\"@id\":\"https:\/\/maisondoramaar.org\/#website\"},\"primaryImageOfPage\":{\"@id\":\"https:\/\/maisondoramaar.org\/fr\/visite\/notre-mission\/#primaryimage\"},\"image\":{\"@id\":\"https:\/\/maisondoramaar.org\/fr\/visite\/notre-mission\/#primaryimage\"},\"thumbnailUrl\":\"https:\/\/maisondoramaar.org\/wp-content\/uploads\/2024\/08\/DM-salon-RR6.jpg\",\"datePublished\":\"2024-10-21T16:07:29+00:00\",\"dateModified\":\"2025-03-18T11:07:07+00:00\",\"breadcrumb\":{\"@id\":\"https:\/\/maisondoramaar.org\/fr\/visite\/notre-mission\/#breadcrumb\"},\"inLanguage\":\"fr-FR\",\"potentialAction\":[{\"@type\":\"ReadAction\",\"target\":[\"https:\/\/maisondoramaar.org\/fr\/visite\/notre-mission\/\"]}]},{\"@type\":\"ImageObject\",\"inLanguage\":\"fr-FR\",\"@id\":\"https:\/\/maisondoramaar.org\/fr\/visite\/notre-mission\/#primaryimage\",\"url\":\"https:\/\/maisondoramaar.org\/wp-content\/uploads\/2024\/08\/DM-salon-RR6.jpg\",\"contentUrl\":\"https:\/\/maisondoramaar.org\/wp-content\/uploads\/2024\/08\/DM-salon-RR6.jpg\",\"width\":2000,\"height\":1333},{\"@type\":\"BreadcrumbList\",\"@id\":\"https:\/\/maisondoramaar.org\/fr\/visite\/notre-mission\/#breadcrumb\",\"itemListElement\":[{\"@type\":\"ListItem\",\"position\":1,\"name\":\"Accueil\",\"item\":\"https:\/\/maisondoramaar.org\/fr\/\"},{\"@type\":\"ListItem\",\"position\":2,\"name\":\"Visite\",\"item\":\"https:\/\/maisondoramaar.org\/fr\/visite\/\"},{\"@type\":\"ListItem\",\"position\":3,\"name\":\"Notre Mission\"}]},{\"@type\":\"WebSite\",\"@id\":\"https:\/\/maisondoramaar.org\/#website\",\"url\":\"https:\/\/maisondoramaar.org\/\",\"name\":\"La Maison Dora Maar et L&#039;H\u00f4tel Tingry\",\"description\":\"Des lieux d&#039;arts de la Fondation Nancy Brown Negley \u00e0 M\u00e9nerbes (Vaucluse), France\",\"publisher\":{\"@id\":\"https:\/\/maisondoramaar.org\/#organization\"},\"potentialAction\":[{\"@type\":\"SearchAction\",\"target\":{\"@type\":\"EntryPoint\",\"urlTemplate\":\"https:\/\/maisondoramaar.org\/?s={search_term_string}\"},\"query-input\":{\"@type\":\"PropertyValueSpecification\",\"valueRequired\":true,\"valueName\":\"search_term_string\"}}],\"inLanguage\":\"fr-FR\"},{\"@type\":\"Organization\",\"@id\":\"https:\/\/maisondoramaar.org\/#organization\",\"name\":\"La Maison Dora Maar et L&#039;H\u00f4tel Tingry\",\"url\":\"https:\/\/maisondoramaar.org\/\",\"logo\":{\"@type\":\"ImageObject\",\"inLanguage\":\"fr-FR\",\"@id\":\"https:\/\/maisondoramaar.org\/#\/schema\/logo\/image\/\",\"url\":\"https:\/\/maisondoramaar.org\/wp-content\/uploads\/2024\/06\/DMCC_logo.png\",\"contentUrl\":\"https:\/\/maisondoramaar.org\/wp-content\/uploads\/2024\/06\/DMCC_logo.png\",\"width\":521,\"height\":362,\"caption\":\"La Maison Dora Maar et L&#039;H\u00f4tel Tingry\"},\"image\":{\"@id\":\"https:\/\/maisondoramaar.org\/#\/schema\/logo\/image\/\"},\"sameAs\":[\"https:\/\/fr-fr.facebook.com\/doramaarhouse\/\",\"https:\/\/www.instagram.com\/lamaisondoramaar\"]}]}<\/script>\n<!-- \/ Yoast SEO plugin. -->","yoast_head_json":{"title":"Notre Mission - La Maison Dora Maar et L&#039;H\u00f4tel Tingry","robots":{"index":"index","follow":"follow","max-snippet":"max-snippet:-1","max-image-preview":"max-image-preview:large","max-video-preview":"max-video-preview:-1"},"canonical":"https:\/\/maisondoramaar.org\/fr\/visite\/notre-mission\/","og_locale":"fr_FR","og_type":"article","og_title":"Notre Mission - La Maison Dora Maar et L&#039;H\u00f4tel Tingry","og_description":"Cette page d\u00e9taille la mission du Centre Culturel Dora Maar, l'histoire du Centre Culturel Dora Maar et du programme de r\u00e9sidence.","og_url":"https:\/\/maisondoramaar.org\/fr\/visite\/notre-mission\/","og_site_name":"La Maison Dora Maar et L&#039;H\u00f4tel Tingry","article_publisher":"https:\/\/fr-fr.facebook.com\/doramaarhouse\/","article_modified_time":"2025-03-18T11:07:07+00:00","og_image":[{"width":2000,"height":1333,"url":"https:\/\/maisondoramaar.org\/wp-content\/uploads\/2024\/08\/DM-salon-RR6.jpg","type":"image\/jpeg"}],"twitter_card":"summary_large_image","twitter_misc":{"Est. reading time":"3 minutes"},"schema":{"@context":"https:\/\/schema.org","@graph":[{"@type":"WebPage","@id":"https:\/\/maisondoramaar.org\/fr\/visite\/notre-mission\/","url":"https:\/\/maisondoramaar.org\/fr\/visite\/notre-mission\/","name":"Notre Mission - La Maison Dora Maar et L&#039;H\u00f4tel Tingry","isPartOf":{"@id":"https:\/\/maisondoramaar.org\/#website"},"primaryImageOfPage":{"@id":"https:\/\/maisondoramaar.org\/fr\/visite\/notre-mission\/#primaryimage"},"image":{"@id":"https:\/\/maisondoramaar.org\/fr\/visite\/notre-mission\/#primaryimage"},"thumbnailUrl":"https:\/\/maisondoramaar.org\/wp-content\/uploads\/2024\/08\/DM-salon-RR6.jpg","datePublished":"2024-10-21T16:07:29+00:00","dateModified":"2025-03-18T11:07:07+00:00","breadcrumb":{"@id":"https:\/\/maisondoramaar.org\/fr\/visite\/notre-mission\/#breadcrumb"},"inLanguage":"fr-FR","potentialAction":[{"@type":"ReadAction","target":["https:\/\/maisondoramaar.org\/fr\/visite\/notre-mission\/"]}]},{"@type":"ImageObject","inLanguage":"fr-FR","@id":"https:\/\/maisondoramaar.org\/fr\/visite\/notre-mission\/#primaryimage","url":"https:\/\/maisondoramaar.org\/wp-content\/uploads\/2024\/08\/DM-salon-RR6.jpg","contentUrl":"https:\/\/maisondoramaar.org\/wp-content\/uploads\/2024\/08\/DM-salon-RR6.jpg","width":2000,"height":1333},{"@type":"BreadcrumbList","@id":"https:\/\/maisondoramaar.org\/fr\/visite\/notre-mission\/#breadcrumb","itemListElement":[{"@type":"ListItem","position":1,"name":"Accueil","item":"https:\/\/maisondoramaar.org\/fr\/"},{"@type":"ListItem","position":2,"name":"Visite","item":"https:\/\/maisondoramaar.org\/fr\/visite\/"},{"@type":"ListItem","position":3,"name":"Notre Mission"}]},{"@type":"WebSite","@id":"https:\/\/maisondoramaar.org\/#website","url":"https:\/\/maisondoramaar.org\/","name":"La Maison Dora Maar et L&#039;H\u00f4tel Tingry","description":"Des lieux d&#039;arts de la Fondation Nancy Brown Negley \u00e0 M\u00e9nerbes (Vaucluse), France","publisher":{"@id":"https:\/\/maisondoramaar.org\/#organization"},"potentialAction":[{"@type":"SearchAction","target":{"@type":"EntryPoint","urlTemplate":"https:\/\/maisondoramaar.org\/?s={search_term_string}"},"query-input":{"@type":"PropertyValueSpecification","valueRequired":true,"valueName":"search_term_string"}}],"inLanguage":"fr-FR"},{"@type":"Organization","@id":"https:\/\/maisondoramaar.org\/#organization","name":"La Maison Dora Maar et L&#039;H\u00f4tel Tingry","url":"https:\/\/maisondoramaar.org\/","logo":{"@type":"ImageObject","inLanguage":"fr-FR","@id":"https:\/\/maisondoramaar.org\/#\/schema\/logo\/image\/","url":"https:\/\/maisondoramaar.org\/wp-content\/uploads\/2024\/06\/DMCC_logo.png","contentUrl":"https:\/\/maisondoramaar.org\/wp-content\/uploads\/2024\/06\/DMCC_logo.png","width":521,"height":362,"caption":"La Maison Dora Maar et L&#039;H\u00f4tel Tingry"},"image":{"@id":"https:\/\/maisondoramaar.org\/#\/schema\/logo\/image\/"},"sameAs":["https:\/\/fr-fr.facebook.com\/doramaarhouse\/","https:\/\/www.instagram.com\/lamaisondoramaar"]}]}},"uagb_featured_image_src":{"full":["https:\/\/maisondoramaar.org\/wp-content\/uploads\/2024\/08\/DM-salon-RR6.jpg",2000,1333,false],"thumbnail":["https:\/\/maisondoramaar.org\/wp-content\/uploads\/2024\/08\/DM-salon-RR6-150x150.jpg",150,150,true],"medium":["https:\/\/maisondoramaar.org\/wp-content\/uploads\/2024\/08\/DM-salon-RR6-300x200.jpg",300,200,true],"medium_large":["https:\/\/maisondoramaar.org\/wp-content\/uploads\/2024\/08\/DM-salon-RR6-768x512.jpg",768,512,true],"large":["https:\/\/maisondoramaar.org\/wp-content\/uploads\/2024\/08\/DM-salon-RR6-1024x682.jpg",1024,682,true],"1536x1536":["https:\/\/maisondoramaar.org\/wp-content\/uploads\/2024\/08\/DM-salon-RR6-1536x1024.jpg",1536,1024,true],"2048x2048":["https:\/\/maisondoramaar.org\/wp-content\/uploads\/2024\/08\/DM-salon-RR6.jpg",2000,1333,false],"featured":["https:\/\/maisondoramaar.org\/wp-content\/uploads\/2024\/08\/DM-salon-RR6-1000x565.jpg",1000,565,true],"gform-image-choice-sm":["https:\/\/maisondoramaar.org\/wp-content\/uploads\/2024\/08\/DM-salon-RR6.jpg",300,200,false],"gform-image-choice-md":["https:\/\/maisondoramaar.org\/wp-content\/uploads\/2024\/08\/DM-salon-RR6.jpg",400,267,false],"gform-image-choice-lg":["https:\/\/maisondoramaar.org\/wp-content\/uploads\/2024\/08\/DM-salon-RR6.jpg",600,400,false],"xl":["https:\/\/maisondoramaar.org\/wp-content\/uploads\/2024\/08\/DM-salon-RR6-1600x1066.jpg",1600,1066,true],"xxl":["https:\/\/maisondoramaar.org\/wp-content\/uploads\/2024\/08\/DM-salon-RR6.jpg",2000,1333,false],"xxxl":["https:\/\/maisondoramaar.org\/wp-content\/uploads\/2024\/08\/DM-salon-RR6.jpg",2000,1333,false],"xxxxl":["https:\/\/maisondoramaar.org\/wp-content\/uploads\/2024\/08\/DM-salon-RR6.jpg",2000,1333,false],"xxxxxl":["https:\/\/maisondoramaar.org\/wp-content\/uploads\/2024\/08\/DM-salon-RR6.jpg",2000,1333,false],"awb_sm":["https:\/\/maisondoramaar.org\/wp-content\/uploads\/2024\/08\/DM-salon-RR6-500x333.jpg",500,333,true],"awb_md":["https:\/\/maisondoramaar.org\/wp-content\/uploads\/2024\/08\/DM-salon-RR6-800x533.jpg",800,533,true],"awb_lg":["https:\/\/maisondoramaar.org\/wp-content\/uploads\/2024\/08\/DM-salon-RR6-1280x853.jpg",1280,853,true],"awb_xl":["https:\/\/maisondoramaar.org\/wp-content\/uploads\/2024\/08\/DM-salon-RR6-1920x1280.jpg",1920,1280,true]},"uagb_author_info":{"display_name":"Benjamin","author_link":"https:\/\/maisondoramaar.org\/fr\/author\/benjamin\/"},"uagb_comment_info":0,"uagb_excerpt":"Cette page d\u00e9taille la mission du Centre Culturel Dora Maar, l'histoire du Centre Culturel Dora Maar et du programme de r\u00e9sidence.","_links":{"self":[{"href":"https:\/\/maisondoramaar.org\/fr\/wp-json\/wp\/v2\/pages\/7341","targetHints":{"allow":["GET"]}}],"collection":[{"href":"https:\/\/maisondoramaar.org\/fr\/wp-json\/wp\/v2\/pages"}],"about":[{"href":"https:\/\/maisondoramaar.org\/fr\/wp-json\/wp\/v2\/types\/page"}],"author":[{"embeddable":true,"href":"https:\/\/maisondoramaar.org\/fr\/wp-json\/wp\/v2\/users\/7"}],"replies":[{"embeddable":true,"href":"https:\/\/maisondoramaar.org\/fr\/wp-json\/wp\/v2\/comments?post=7341"}],"version-history":[{"count":6,"href":"https:\/\/maisondoramaar.org\/fr\/wp-json\/wp\/v2\/pages\/7341\/revisions"}],"predecessor-version":[{"id":8019,"href":"https:\/\/maisondoramaar.org\/fr\/wp-json\/wp\/v2\/pages\/7341\/revisions\/8019"}],"up":[{"embeddable":true,"href":"https:\/\/maisondoramaar.org\/fr\/wp-json\/wp\/v2\/pages\/7339"}],"wp:featuredmedia":[{"embeddable":true,"href":"https:\/\/maisondoramaar.org\/fr\/wp-json\/wp\/v2\/media\/6110"}],"wp:attachment":[{"href":"https:\/\/maisondoramaar.org\/fr\/wp-json\/wp\/v2\/media?parent=7341"}],"curies":[{"name":"wp","href":"https:\/\/api.w.org\/{rel}","templated":true}]}}