{"id":7364,"date":"2024-10-21T19:42:37","date_gmt":"2024-10-21T17:42:37","guid":{"rendered":"https:\/\/staging.maisondoramaar.org\/soutien\/"},"modified":"2025-10-03T15:12:34","modified_gmt":"2025-10-03T13:12:34","slug":"soutien","status":"publish","type":"page","link":"https:\/\/maisondoramaar.org\/fr\/soutien\/","title":{"rendered":"Soutien"},"content":{"rendered":"\n<div class=\"wp-block-cover alignfull is-light\" style=\"margin-bottom:var(--wp--preset--spacing--50);min-height:50vh;aspect-ratio:unset;\"><span aria-hidden=\"true\" class=\"wp-block-cover__background has-background-dim-0 has-background-dim\" style=\"background-color:#979694\"><\/span><img loading=\"lazy\" decoding=\"async\" width=\"1500\" height=\"2000\" class=\"wp-block-cover__image-background wp-image-6133\" alt=\"\" src=\"https:\/\/maisondoramaar.org\/wp-content\/uploads\/2024\/08\/jazz-24-event.jpg\" style=\"object-position:56% 68%\" data-object-fit=\"cover\" data-object-position=\"56% 68%\" srcset=\"https:\/\/maisondoramaar.org\/wp-content\/uploads\/2024\/08\/jazz-24-event.jpg 1500w, https:\/\/maisondoramaar.org\/wp-content\/uploads\/2024\/08\/jazz-24-event-225x300.jpg 225w, https:\/\/maisondoramaar.org\/wp-content\/uploads\/2024\/08\/jazz-24-event-768x1024.jpg 768w, https:\/\/maisondoramaar.org\/wp-content\/uploads\/2024\/08\/jazz-24-event-50x67.jpg 50w, https:\/\/maisondoramaar.org\/wp-content\/uploads\/2024\/08\/jazz-24-event-1152x1536.jpg 1152w, https:\/\/maisondoramaar.org\/wp-content\/uploads\/2024\/08\/jazz-24-event-500x667.jpg 500w, https:\/\/maisondoramaar.org\/wp-content\/uploads\/2024\/08\/jazz-24-event-800x1067.jpg 800w, https:\/\/maisondoramaar.org\/wp-content\/uploads\/2024\/08\/jazz-24-event-1280x1707.jpg 1280w\" sizes=\"auto, (max-width: 1500px) 100vw, 1500px\" \/><div class=\"wp-block-cover__inner-container is-layout-constrained wp-container-core-cover-is-layout-4a2fdd6a wp-block-cover-is-layout-constrained\">\n<p class=\"has-text-align-center has-large-font-size\"><\/p>\n<\/div><\/div>\n\n\n\n<div style=\"height:30px\" aria-hidden=\"true\" class=\"wp-block-spacer\"><\/div>\n\n\n\n<h1 class=\"wp-block-heading has-text-align-center\">Soutien<\/h1>\n\n\n\n<h3 class=\"wp-block-heading has-text-align-center\">Vos contributions aident \u00e0 soutenir la mission du Centre Culturel Dora Maar!<\/h3>\n\n\n\n<h4 class=\"wp-block-heading has-text-align-center\">Vos dons soutiennent notre programme de bourses embl\u00e9matique et notre programmation artistique, culturelle et nos expositions \u00e0 la Maison Dora Maar, ainsi qu&#8217;\u00e0 l&#8217;H\u00f4tel de Tingry et ailleurs.<\/h4>\n\n\n\n<h4 class=\"wp-block-heading has-text-align-center\">Il existe plusieurs fa\u00e7ons de donner :<\/h4>\n\n\n\n<div style=\"height:30px\" aria-hidden=\"true\" class=\"wp-block-spacer\"><\/div>\n\n\n<div class=\"list-select-pages-block\"><div class=\"select-page\"><a href=\"https:\/\/maisondoramaar.org\/fr\/soutien\/la-societe-doree\/\"><img loading=\"lazy\" decoding=\"async\" width=\"1000\" height=\"565\" src=\"https:\/\/maisondoramaar.org\/wp-content\/uploads\/2024\/08\/Cover-1000x565.jpg\" class=\"attachment-featured size-featured wp-post-image\" alt=\"\" \/><h2>La Soci\u00e9t\u00e9 Dor\u00e9e<\/h2><\/a><\/div><div class=\"select-page\"><a href=\"https:\/\/maisondoramaar.org\/fr\/soutien\/adhesions\/\"><img loading=\"lazy\" decoding=\"async\" width=\"1000\" height=\"565\" src=\"https:\/\/maisondoramaar.org\/wp-content\/uploads\/2026\/01\/IMG_1094-1000x565.jpg\" class=\"attachment-featured size-featured wp-post-image\" alt=\"\" \/><h2>Adh\u00e9sions<\/h2><\/a><\/div><div class=\"select-page\"><a href=\"https:\/\/maisondoramaar.org\/fr\/soutien\/faire-un-don\/\"><img loading=\"lazy\" decoding=\"async\" width=\"1000\" height=\"565\" src=\"https:\/\/maisondoramaar.org\/wp-content\/uploads\/2024\/08\/Judith-Geichman-by-RR-1000x565.jpg\" class=\"attachment-featured size-featured wp-post-image\" alt=\"\" \/><h2>Faire un don<\/h2><\/a><\/div><div class=\"select-page\"><a href=\"https:\/\/maisondoramaar.org\/fr\/soutien\/sengager\/\"><img loading=\"lazy\" decoding=\"async\" width=\"1000\" height=\"565\" src=\"https:\/\/maisondoramaar.org\/wp-content\/uploads\/2024\/08\/IMG_9693-1000x565.jpg\" class=\"attachment-featured size-featured wp-post-image\" alt=\"\" \/><h2>S&#8217;engager<\/h2><\/a><\/div><\/div>\n\n\n<div style=\"height:60px\" aria-hidden=\"true\" class=\"wp-block-spacer\"><\/div>\n","protected":false},"excerpt":{"rendered":"<p>Soutien Vos contributions aident \u00e0 soutenir la mission du Centre Culturel Dora Maar! Vos dons soutiennent notre programme de bourses [&hellip;]<\/p>\n","protected":false},"author":7,"featured_media":0,"parent":0,"menu_order":7,"comment_status":"closed","ping_status":"closed","template":"","meta":{"_acf_changed":false,"_uag_custom_page_level_css":"","site-sidebar-layout":"default","site-content-layout":"","ast-site-content-layout":"default","site-content-style":"default","site-sidebar-style":"default","ast-global-header-display":"","ast-banner-title-visibility":"","ast-main-header-display":"","ast-hfb-above-header-display":"","ast-hfb-below-header-display":"","ast-hfb-mobile-header-display":"","site-post-title":"disabled","ast-breadcrumbs-content":"","ast-featured-img":"","footer-sml-layout":"","theme-transparent-header-meta":"","adv-header-id-meta":"","stick-header-meta":"","header-above-stick-meta":"","header-main-stick-meta":"","header-below-stick-meta":"","astra-migrate-meta-layouts":"default","ast-page-background-enabled":"default","ast-page-background-meta":{"desktop":{"background-color":"var(--ast-global-color-4)","background-image":"","background-repeat":"repeat","background-position":"center center","background-size":"auto","background-attachment":"scroll","background-type":"","background-media":"","overlay-type":"","overlay-color":"","overlay-opacity":"","overlay-gradient":""},"tablet":{"background-color":"","background-image":"","background-repeat":"repeat","background-position":"center center","background-size":"auto","background-attachment":"scroll","background-type":"","background-media":"","overlay-type":"","overlay-color":"","overlay-opacity":"","overlay-gradient":""},"mobile":{"background-color":"","background-image":"","background-repeat":"repeat","background-position":"center center","background-size":"auto","background-attachment":"scroll","background-type":"","background-media":"","overlay-type":"","overlay-color":"","overlay-opacity":"","overlay-gradient":""}},"ast-content-background-meta":{"desktop":{"background-color":"var(--ast-global-color-5)","background-image":"","background-repeat":"repeat","background-position":"center center","background-size":"auto","background-attachment":"scroll","background-type":"","background-media":"","overlay-type":"","overlay-color":"","overlay-opacity":"","overlay-gradient":""},"tablet":{"background-color":"var(--ast-global-color-5)","background-image":"","background-repeat":"repeat","background-position":"center center","background-size":"auto","background-attachment":"scroll","background-type":"","background-media":"","overlay-type":"","overlay-color":"","overlay-opacity":"","overlay-gradient":""},"mobile":{"background-color":"var(--ast-global-color-5)","background-image":"","background-repeat":"repeat","background-position":"center center","background-size":"auto","background-attachment":"scroll","background-type":"","background-media":"","overlay-type":"","overlay-color":"","overlay-opacity":"","overlay-gradient":""}},"footnotes":"","_links_to":"","_links_to_target":""},"class_list":["post-7364","page","type-page","status-publish","hentry"],"acf":[],"yoast_head":"<!-- This site is optimized with the Yoast SEO plugin v26.8 - https:\/\/yoast.com\/product\/yoast-seo-wordpress\/ -->\n<title>Soutien - La Maison Dora Maar et L&#039;H\u00f4tel Tingry<\/title>\n<meta name=\"robots\" content=\"index, follow, max-snippet:-1, max-image-preview:large, max-video-preview:-1\" \/>\n<link rel=\"canonical\" href=\"https:\/\/maisondoramaar.org\/fr\/soutien\/\" \/>\n<meta property=\"og:locale\" content=\"fr_FR\" \/>\n<meta property=\"og:type\" content=\"article\" \/>\n<meta property=\"og:title\" content=\"Soutien - La Maison Dora Maar et L&#039;H\u00f4tel Tingry\" \/>\n<meta property=\"og:description\" content=\"Soutien Vos contributions aident \u00e0 soutenir la mission du Centre Culturel Dora Maar! Vos dons soutiennent notre programme de bourses [&hellip;]\" \/>\n<meta property=\"og:url\" content=\"https:\/\/maisondoramaar.org\/fr\/soutien\/\" \/>\n<meta property=\"og:site_name\" content=\"La Maison Dora Maar et L&#039;H\u00f4tel Tingry\" \/>\n<meta property=\"article:publisher\" content=\"https:\/\/fr-fr.facebook.com\/doramaarhouse\/\" \/>\n<meta property=\"article:modified_time\" content=\"2025-10-03T13:12:34+00:00\" \/>\n<meta property=\"og:image\" content=\"https:\/\/maisondoramaar.org\/wp-content\/uploads\/2024\/08\/jazz-24-event.jpg\" \/>\n\t<meta property=\"og:image:width\" content=\"1500\" \/>\n\t<meta property=\"og:image:height\" content=\"2000\" \/>\n\t<meta property=\"og:image:type\" content=\"image\/jpeg\" \/>\n<meta name=\"twitter:card\" content=\"summary_large_image\" \/>\n<meta name=\"twitter:label1\" content=\"Est. reading time\" \/>\n\t<meta name=\"twitter:data1\" content=\"1 minute\" \/>\n<script type=\"application\/ld+json\" class=\"yoast-schema-graph\">{\"@context\":\"https:\/\/schema.org\",\"@graph\":[{\"@type\":\"WebPage\",\"@id\":\"https:\/\/maisondoramaar.org\/fr\/soutien\/\",\"url\":\"https:\/\/maisondoramaar.org\/fr\/soutien\/\",\"name\":\"Soutien - La Maison Dora Maar et L&#039;H\u00f4tel Tingry\",\"isPartOf\":{\"@id\":\"https:\/\/maisondoramaar.org\/#website\"},\"primaryImageOfPage\":{\"@id\":\"https:\/\/maisondoramaar.org\/fr\/soutien\/#primaryimage\"},\"image\":{\"@id\":\"https:\/\/maisondoramaar.org\/fr\/soutien\/#primaryimage\"},\"thumbnailUrl\":\"https:\/\/maisondoramaar.org\/wp-content\/uploads\/2024\/08\/jazz-24-event.jpg\",\"datePublished\":\"2024-10-21T17:42:37+00:00\",\"dateModified\":\"2025-10-03T13:12:34+00:00\",\"breadcrumb\":{\"@id\":\"https:\/\/maisondoramaar.org\/fr\/soutien\/#breadcrumb\"},\"inLanguage\":\"fr-FR\",\"potentialAction\":[{\"@type\":\"ReadAction\",\"target\":[\"https:\/\/maisondoramaar.org\/fr\/soutien\/\"]}]},{\"@type\":\"ImageObject\",\"inLanguage\":\"fr-FR\",\"@id\":\"https:\/\/maisondoramaar.org\/fr\/soutien\/#primaryimage\",\"url\":\"https:\/\/maisondoramaar.org\/wp-content\/uploads\/2024\/08\/jazz-24-event.jpg\",\"contentUrl\":\"https:\/\/maisondoramaar.org\/wp-content\/uploads\/2024\/08\/jazz-24-event.jpg\"},{\"@type\":\"BreadcrumbList\",\"@id\":\"https:\/\/maisondoramaar.org\/fr\/soutien\/#breadcrumb\",\"itemListElement\":[{\"@type\":\"ListItem\",\"position\":1,\"name\":\"Accueil\",\"item\":\"https:\/\/maisondoramaar.org\/fr\/\"},{\"@type\":\"ListItem\",\"position\":2,\"name\":\"Soutien\"}]},{\"@type\":\"WebSite\",\"@id\":\"https:\/\/maisondoramaar.org\/#website\",\"url\":\"https:\/\/maisondoramaar.org\/\",\"name\":\"La Maison Dora Maar et L&#039;H\u00f4tel Tingry\",\"description\":\"Des lieux d&#039;arts de la Fondation Nancy Brown Negley \u00e0 M\u00e9nerbes (Vaucluse), France\",\"publisher\":{\"@id\":\"https:\/\/maisondoramaar.org\/#organization\"},\"potentialAction\":[{\"@type\":\"SearchAction\",\"target\":{\"@type\":\"EntryPoint\",\"urlTemplate\":\"https:\/\/maisondoramaar.org\/?s={search_term_string}\"},\"query-input\":{\"@type\":\"PropertyValueSpecification\",\"valueRequired\":true,\"valueName\":\"search_term_string\"}}],\"inLanguage\":\"fr-FR\"},{\"@type\":\"Organization\",\"@id\":\"https:\/\/maisondoramaar.org\/#organization\",\"name\":\"La Maison Dora Maar et L&#039;H\u00f4tel Tingry\",\"url\":\"https:\/\/maisondoramaar.org\/\",\"logo\":{\"@type\":\"ImageObject\",\"inLanguage\":\"fr-FR\",\"@id\":\"https:\/\/maisondoramaar.org\/#\/schema\/logo\/image\/\",\"url\":\"https:\/\/maisondoramaar.org\/wp-content\/uploads\/2024\/06\/DMCC_logo.png\",\"contentUrl\":\"https:\/\/maisondoramaar.org\/wp-content\/uploads\/2024\/06\/DMCC_logo.png\",\"width\":521,\"height\":362,\"caption\":\"La Maison Dora Maar et L&#039;H\u00f4tel Tingry\"},\"image\":{\"@id\":\"https:\/\/maisondoramaar.org\/#\/schema\/logo\/image\/\"},\"sameAs\":[\"https:\/\/fr-fr.facebook.com\/doramaarhouse\/\",\"https:\/\/www.instagram.com\/lamaisondoramaar\"]}]}<\/script>\n<!-- \/ Yoast SEO plugin. -->","yoast_head_json":{"title":"Soutien - La Maison Dora Maar et L&#039;H\u00f4tel Tingry","robots":{"index":"index","follow":"follow","max-snippet":"max-snippet:-1","max-image-preview":"max-image-preview:large","max-video-preview":"max-video-preview:-1"},"canonical":"https:\/\/maisondoramaar.org\/fr\/soutien\/","og_locale":"fr_FR","og_type":"article","og_title":"Soutien - La Maison Dora Maar et L&#039;H\u00f4tel Tingry","og_description":"Soutien Vos contributions aident \u00e0 soutenir la mission du Centre Culturel Dora Maar! Vos dons soutiennent notre programme de bourses [&hellip;]","og_url":"https:\/\/maisondoramaar.org\/fr\/soutien\/","og_site_name":"La Maison Dora Maar et L&#039;H\u00f4tel Tingry","article_publisher":"https:\/\/fr-fr.facebook.com\/doramaarhouse\/","article_modified_time":"2025-10-03T13:12:34+00:00","og_image":[{"width":1500,"height":2000,"url":"https:\/\/maisondoramaar.org\/wp-content\/uploads\/2024\/08\/jazz-24-event.jpg","type":"image\/jpeg"}],"twitter_card":"summary_large_image","twitter_misc":{"Est. reading time":"1 minute"},"schema":{"@context":"https:\/\/schema.org","@graph":[{"@type":"WebPage","@id":"https:\/\/maisondoramaar.org\/fr\/soutien\/","url":"https:\/\/maisondoramaar.org\/fr\/soutien\/","name":"Soutien - La Maison Dora Maar et L&#039;H\u00f4tel Tingry","isPartOf":{"@id":"https:\/\/maisondoramaar.org\/#website"},"primaryImageOfPage":{"@id":"https:\/\/maisondoramaar.org\/fr\/soutien\/#primaryimage"},"image":{"@id":"https:\/\/maisondoramaar.org\/fr\/soutien\/#primaryimage"},"thumbnailUrl":"https:\/\/maisondoramaar.org\/wp-content\/uploads\/2024\/08\/jazz-24-event.jpg","datePublished":"2024-10-21T17:42:37+00:00","dateModified":"2025-10-03T13:12:34+00:00","breadcrumb":{"@id":"https:\/\/maisondoramaar.org\/fr\/soutien\/#breadcrumb"},"inLanguage":"fr-FR","potentialAction":[{"@type":"ReadAction","target":["https:\/\/maisondoramaar.org\/fr\/soutien\/"]}]},{"@type":"ImageObject","inLanguage":"fr-FR","@id":"https:\/\/maisondoramaar.org\/fr\/soutien\/#primaryimage","url":"https:\/\/maisondoramaar.org\/wp-content\/uploads\/2024\/08\/jazz-24-event.jpg","contentUrl":"https:\/\/maisondoramaar.org\/wp-content\/uploads\/2024\/08\/jazz-24-event.jpg"},{"@type":"BreadcrumbList","@id":"https:\/\/maisondoramaar.org\/fr\/soutien\/#breadcrumb","itemListElement":[{"@type":"ListItem","position":1,"name":"Accueil","item":"https:\/\/maisondoramaar.org\/fr\/"},{"@type":"ListItem","position":2,"name":"Soutien"}]},{"@type":"WebSite","@id":"https:\/\/maisondoramaar.org\/#website","url":"https:\/\/maisondoramaar.org\/","name":"La Maison Dora Maar et L&#039;H\u00f4tel Tingry","description":"Des lieux d&#039;arts de la Fondation Nancy Brown Negley \u00e0 M\u00e9nerbes (Vaucluse), France","publisher":{"@id":"https:\/\/maisondoramaar.org\/#organization"},"potentialAction":[{"@type":"SearchAction","target":{"@type":"EntryPoint","urlTemplate":"https:\/\/maisondoramaar.org\/?s={search_term_string}"},"query-input":{"@type":"PropertyValueSpecification","valueRequired":true,"valueName":"search_term_string"}}],"inLanguage":"fr-FR"},{"@type":"Organization","@id":"https:\/\/maisondoramaar.org\/#organization","name":"La Maison Dora Maar et L&#039;H\u00f4tel Tingry","url":"https:\/\/maisondoramaar.org\/","logo":{"@type":"ImageObject","inLanguage":"fr-FR","@id":"https:\/\/maisondoramaar.org\/#\/schema\/logo\/image\/","url":"https:\/\/maisondoramaar.org\/wp-content\/uploads\/2024\/06\/DMCC_logo.png","contentUrl":"https:\/\/maisondoramaar.org\/wp-content\/uploads\/2024\/06\/DMCC_logo.png","width":521,"height":362,"caption":"La Maison Dora Maar et L&#039;H\u00f4tel Tingry"},"image":{"@id":"https:\/\/maisondoramaar.org\/#\/schema\/logo\/image\/"},"sameAs":["https:\/\/fr-fr.facebook.com\/doramaarhouse\/","https:\/\/www.instagram.com\/lamaisondoramaar"]}]}},"uagb_featured_image_src":{"full":false,"thumbnail":false,"medium":false,"medium_large":false,"large":false,"1536x1536":false,"2048x2048":false,"featured":false,"gform-image-choice-sm":false,"gform-image-choice-md":false,"gform-image-choice-lg":false,"xl":false,"xxl":false,"xxxl":false,"xxxxl":false,"xxxxxl":false,"awb_sm":false,"awb_md":false,"awb_lg":false,"awb_xl":false},"uagb_author_info":{"display_name":"Benjamin","author_link":"https:\/\/maisondoramaar.org\/fr\/author\/benjamin\/"},"uagb_comment_info":0,"uagb_excerpt":"Soutien Vos contributions aident \u00e0 soutenir la mission du Centre Culturel Dora Maar! Vos dons soutiennent notre programme de bourses [&hellip;]","_links":{"self":[{"href":"https:\/\/maisondoramaar.org\/fr\/wp-json\/wp\/v2\/pages\/7364","targetHints":{"allow":["GET"]}}],"collection":[{"href":"https:\/\/maisondoramaar.org\/fr\/wp-json\/wp\/v2\/pages"}],"about":[{"href":"https:\/\/maisondoramaar.org\/fr\/wp-json\/wp\/v2\/types\/page"}],"author":[{"embeddable":true,"href":"https:\/\/maisondoramaar.org\/fr\/wp-json\/wp\/v2\/users\/7"}],"replies":[{"embeddable":true,"href":"https:\/\/maisondoramaar.org\/fr\/wp-json\/wp\/v2\/comments?post=7364"}],"version-history":[{"count":2,"href":"https:\/\/maisondoramaar.org\/fr\/wp-json\/wp\/v2\/pages\/7364\/revisions"}],"predecessor-version":[{"id":8695,"href":"https:\/\/maisondoramaar.org\/fr\/wp-json\/wp\/v2\/pages\/7364\/revisions\/8695"}],"wp:attachment":[{"href":"https:\/\/maisondoramaar.org\/fr\/wp-json\/wp\/v2\/media?parent=7364"}],"curies":[{"name":"wp","href":"https:\/\/api.w.org\/{rel}","templated":true}]}}