{"id":7377,"date":"2024-10-21T20:23:24","date_gmt":"2024-10-21T18:23:24","guid":{"rendered":"https:\/\/staging.maisondoramaar.org\/la-bourse\/nos-anciens-boursiers\/"},"modified":"2025-10-29T09:56:56","modified_gmt":"2025-10-29T08:56:56","slug":"nos-anciens-boursiers","status":"publish","type":"page","link":"https:\/\/maisondoramaar.org\/fr\/la-bourse\/nos-anciens-boursiers\/","title":{"rendered":"Nos Anciens R\u00e9sidents"},"content":{"rendered":"\n<figure class=\"wp-block-image alignfull size-full\"><img decoding=\"async\" src=\"https:\/\/maisondoramaar.org\/wp-content\/uploads\/2024\/07\/fellows_at_maison_dora_maar.jpg\" alt=\"\" class=\"wp-image-5670\"\/><\/figure>\n\n\n\n<div style=\"height:60px\" aria-hidden=\"true\" class=\"wp-block-spacer\"><\/div>\n\n\n\n<h2 class=\"wp-block-heading has-text-align-center\" id=\"ANNUAIRE\">ANNUAIRE DES ANCIENS R\u00e9sidents<\/h2>\n\n\n\n<div class=\"wp-block-buttons is-content-justification-center is-layout-flex wp-container-core-buttons-is-layout-a89b3969 wp-block-buttons-is-layout-flex\">\n<div class=\"wp-block-button\"><a class=\"wp-block-button__link wp-element-button\" href=\"https:\/\/maisondoramaar.app.neoncrm.com\/membership-directory\/2\" target=\"_blank\" rel=\"noreferrer noopener\">Consulter l&#8217;annuaire des anciens r\u00e9sidents<\/a><\/div>\n<\/div>\n\n\n\n<div style=\"height:60px\" aria-hidden=\"true\" class=\"wp-block-spacer\"><\/div>\n\n\n\n<h2 class=\"wp-block-heading has-text-align-center\" id=\"Que-font-ils-maintenant\">Que font-ils maintenant ?<\/h2>\n\n\n<div class=\"list-press-block\"><div class=\"press-item\"><h2><a href=\"https:\/\/maisondoramaar.org\/wp-content\/uploads\/2026\/04\/A-love-letter-to-James-Baldwin-_-The-Observer.pdf\" target=\"_blank\">A love letter to James Baldwin<\/a><\/h2><h3 class=\"press-source\"><span class=\"press-date\">Apr 2026<\/span> The Observer<\/h3><h4 class=\"press-fellows\"><span class=\"press-names\">Nicholas Boggs<\/span><\/h4><\/div><div class=\"press-item\"><h2><a href=\"https:\/\/maisondoramaar.org\/wp-content\/uploads\/2026\/03\/A-new-start-after-60_Zack-Rogow_The-Guardian.pdf\" target=\"_blank\">A new start after 60: I went on 75 first dates \u2013 and wrote a book of Kama Sutra-inspired poetry<\/a><\/h2><h3 class=\"press-source\"><span class=\"press-date\">Mar 2026<\/span> The Guardian<\/h3><h4 class=\"press-fellows\"><span class=\"press-names\">Zack Rogow<\/span><\/h4><\/div><div class=\"press-item\"><h2><a href=\"https:\/\/maisondoramaar.org\/wp-content\/uploads\/2026\/02\/Caroline-Deruas-Le-Monde.pdf\" target=\"_blank\">Avec \u00ab Les Immortelles \u00bb, la r\u00e9alisatrice Caroline Deruas Peano signe une ode \u00e0 l&#8217;\u00e9lan adolescent, par-del\u00e0 le deuil<\/a><\/h2><h3 class=\"press-source\"><span class=\"press-date\">Feb 2026<\/span> Le Monde<\/h3><h4 class=\"press-fellows\"><span class=\"press-names\">Caroline Deruas<\/span><\/h4><\/div><div class=\"press-item\"><h2><a href=\"https:\/\/maisondoramaar.org\/wp-content\/uploads\/2026\/01\/Faculty-Author-QA_-Zahid-R.-Chaudhary-on-\u2018Paranoid-Publics-\u2014-Princeton-University-Humanities-Council.pdf\" target=\"_blank\">Faculty author Q&#038;A: Zahid R. Chaudhary on \u2018Paranoid Publics\u2019<\/a><\/h2><h3 class=\"press-source\"><span class=\"press-date\">Jan 2026<\/span> Princeton University<\/h3><h4 class=\"press-fellows\"><span class=\"press-names\">Zahid R. Chaudhary<\/span><\/h4><\/div><div class=\"press-item\"><h2><a href=\"https:\/\/maisondoramaar.org\/wp-content\/uploads\/2026\/01\/18-Questions-With-Dan-Devening-_-UntitledDb.pdf\" target=\"_blank\">18 Questions With&#8230; Dan Devening<\/a><\/h2><h3 class=\"press-source\"><span class=\"press-date\">Jan 2026<\/span> UntitledDb<\/h3><h4 class=\"press-fellows\"><span class=\"press-names\">Dan Devening<\/span><\/h4><\/div><div class=\"press-item\"><h2><a href=\"https:\/\/maisondoramaar.org\/wp-content\/uploads\/2025\/12\/the-semi-finalist-is_-Leslie-Roberts.pdf\" target=\"_blank\">Interview &#8211; Leslie Roberts<\/a><\/h2><h3 class=\"press-source\"><span class=\"press-date\">Dec 2025<\/span> SEMI-FINALIST<\/h3><h4 class=\"press-fellows\"><span class=\"press-names\">Leslie Roberts<\/span><\/h4><\/div><div class=\"press-item\"><h2><a href=\"https:\/\/maisondoramaar.org\/wp-content\/uploads\/2025\/04\/R.-Crumb-Looks-Back-The-New-Yorker.pdf\" target=\"_blank\">R. Crumb Looks Back<\/a><\/h2><h3 class=\"press-source\"><span class=\"press-date\">Apr 2025<\/span> The New Yorker<\/h3><h4 class=\"press-fellows\"><span class=\"press-names\">Dan Nadel<\/span><\/h4><\/div><div class=\"press-item\"><h2><a href=\"https:\/\/maisondoramaar.org\/wp-content\/uploads\/2025\/03\/IMG_9333.jpg\" target=\"_blank\">&#8220;L&#8217;\u00c9poux&#8221;, sa d\u00e9claration: Patrick Autr\u00e9aux entre mariage et qu\u00eate religieuse<\/a><\/h2><h3 class=\"press-source\"><span class=\"press-date\">Mar 2025<\/span> Lib\u00e9ration<\/h3><h4 class=\"press-fellows\"><span class=\"press-names\">Patrick Autr\u00e9aux<\/span><\/h4><\/div><div class=\"press-item\"><h2><a href=\"https:\/\/maisondoramaar.org\/wp-content\/uploads\/2025\/03\/A-Photographers-Queer-Wish-for-Other-Worlds.pdf\" target=\"_blank\">A Queer Wish for Other Worlds<\/a><\/h2><h3 class=\"press-source\"><span class=\"press-date\">Mar 2025<\/span> Aperture<\/h3><h4 class=\"press-fellows\"><span class=\"press-names\">David Gilbert<\/span><\/h4><\/div><div class=\"press-item\"><h2><a href=\"https:\/\/maisondoramaar.org\/wp-content\/uploads\/2025\/03\/Brian-Karl-on-Rodrigo-Valenzuela.pdf\" target=\"_blank\">Brian Karl on Rodrigo Valenzuela<\/a><\/h2><h3 class=\"press-source\"><span class=\"press-date\">Mar 2025<\/span> ARTFORUM<\/h3><h4 class=\"press-fellows\"><span class=\"press-names\">Rodrigo Valenzuela<\/span><\/h4><\/div><div class=\"press-item\"><h2><a href=\"https:\/\/maisondoramaar.org\/wp-content\/uploads\/2024\/10\/Arielle-Massons-Chaotic-Nodes-_-Glasstire.pdf\" target=\"_blank\">Arielle Masson\u2019s \u201cChaotic Nodes\u201d<\/a><\/h2><h3 class=\"press-source\"><span class=\"press-date\">Oct 2024<\/span> Glasstire<\/h3><h4 class=\"press-fellows\"><span class=\"press-names\">Arielle Masson<\/span><\/h4><\/div><div class=\"press-item\"><h2><a href=\"https:\/\/maisondoramaar.org\/wp-content\/uploads\/2024\/09\/See-the-Cover-for-Jennifer-Haighs-New-Novel-Rabbit-Moon-Exclusive.pdf\" target=\"_blank\">Jennifer Haigh Uncovers a Family&#8217;s Web of Secrets in New Novel Rabbit Moon \u2014 See the Cover (Exclusive)<\/a><\/h2><h3 class=\"press-source\"><span class=\"press-date\">Sep 2024<\/span> People Magazine<\/h3><h4 class=\"press-fellows\"><span class=\"press-names\">Jennifer Haigh<\/span><\/h4><\/div><\/div>\n\n\n<div style=\"height:30px\" aria-hidden=\"true\" class=\"wp-block-spacer\"><\/div>\n\n\n\n<div class=\"wp-block-buttons is-content-justification-center is-layout-flex wp-container-core-buttons-is-layout-a89b3969 wp-block-buttons-is-layout-flex\">\n<div class=\"wp-block-button\"><a class=\"wp-block-button__link wp-element-button\" href=\"https:\/\/maisondoramaar.org\/fr\/la-bourse\/nos-anciens-boursiers\/que-sont-devenus-nos-residents\/\">Voir plus<\/a><\/div>\n<\/div>\n\n\n\n<div style=\"height:60px\" aria-hidden=\"true\" class=\"wp-block-spacer\"><\/div>\n\n\n\n<div style=\"height:60px\" aria-hidden=\"true\" class=\"wp-block-spacer\"><\/div>\n\n\n\n<div class=\"wp-block-cover alignfull is-light parallax\" style=\"min-height:70vh;aspect-ratio:unset;\"><span aria-hidden=\"true\" class=\"wp-block-cover__background has-background-dim-0 has-background-dim\" style=\"background-color:#a3a39b\"><\/span><img loading=\"lazy\" decoding=\"async\" width=\"2000\" height=\"1330\" class=\"wp-block-cover__image-background wp-image-6141\" alt=\"\" src=\"https:\/\/maisondoramaar.org\/wp-content\/uploads\/2024\/08\/July-2015-Fellows.jpg\" data-object-fit=\"cover\" srcset=\"https:\/\/maisondoramaar.org\/wp-content\/uploads\/2024\/08\/July-2015-Fellows.jpg 2000w, https:\/\/maisondoramaar.org\/wp-content\/uploads\/2024\/08\/July-2015-Fellows-300x200.jpg 300w, https:\/\/maisondoramaar.org\/wp-content\/uploads\/2024\/08\/July-2015-Fellows-1024x681.jpg 1024w, https:\/\/maisondoramaar.org\/wp-content\/uploads\/2024\/08\/July-2015-Fellows-768x511.jpg 768w, https:\/\/maisondoramaar.org\/wp-content\/uploads\/2024\/08\/July-2015-Fellows-50x33.jpg 50w, https:\/\/maisondoramaar.org\/wp-content\/uploads\/2024\/08\/July-2015-Fellows-1600x1064.jpg 1600w, https:\/\/maisondoramaar.org\/wp-content\/uploads\/2024\/08\/July-2015-Fellows-1536x1021.jpg 1536w, https:\/\/maisondoramaar.org\/wp-content\/uploads\/2024\/08\/July-2015-Fellows-500x333.jpg 500w, https:\/\/maisondoramaar.org\/wp-content\/uploads\/2024\/08\/July-2015-Fellows-800x532.jpg 800w, https:\/\/maisondoramaar.org\/wp-content\/uploads\/2024\/08\/July-2015-Fellows-1280x851.jpg 1280w, https:\/\/maisondoramaar.org\/wp-content\/uploads\/2024\/08\/July-2015-Fellows-1920x1277.jpg 1920w\" sizes=\"auto, (max-width: 2000px) 100vw, 2000px\" \/><div class=\"wp-block-cover__inner-container is-layout-constrained wp-block-cover-is-layout-constrained\">\n<p class=\"has-text-align-center has-large-font-size\"><\/p>\n<\/div><\/div>\n\n\n\n<div style=\"height:60px\" aria-hidden=\"true\" class=\"wp-block-spacer\"><\/div>\n\n\n\n<h2 class=\"wp-block-heading has-text-align-center\" id=\"Alumni-portail\">r\u00e9seau d&#8217;alumni &#8211; portail des anciens R\u00e9sidents<\/h2>\n\n\n\n<p>Le Centre Culturel Dora Maar accompagne plus de 400 anciens r\u00e9sidents originaires de pr\u00e8s de 50 pays. Des \u00e9v\u00e8nements sont r\u00e9guli\u00e8rement organis\u00e9s dans diff\u00e9rents endroits, notamment en France et aux \u00c9tats-Unis, permettant de r\u00e9unir les anciens r\u00e9sidents de la Maison Dora Maar. Avoir effectu\u00e9 une r\u00e9sidence au DMCC permet de faire partie d&#8217;un vaste r\u00e9seau de penseurs et d&#8217;artistes. Si vous n&#8217;avez pas encore de compte sur le portail des anciens r\u00e9sidents, veuillez contacter la Directrice du d\u00e9veloppement \u00e0 l&#8217;adresse <strong>s<em>upport@maisondoramaar.org<\/em><\/strong>.<\/p>\n\n\n\n<div class=\"wp-block-buttons is-content-justification-center is-layout-flex wp-container-core-buttons-is-layout-a89b3969 wp-block-buttons-is-layout-flex\"><\/div>\n\n\n\n<div style=\"height:60px\" aria-hidden=\"true\" class=\"wp-block-spacer\"><\/div>\n","protected":false},"excerpt":{"rendered":"<p>ANNUAIRE DES ANCIENS R\u00e9sidents Que font-ils maintenant ? r\u00e9seau d&#8217;alumni &#8211; portail des anciens R\u00e9sidents Le Centre Culturel Dora Maar [&hellip;]<\/p>\n","protected":false},"author":7,"featured_media":6941,"parent":7362,"menu_order":4,"comment_status":"closed","ping_status":"closed","template":"","meta":{"_acf_changed":false,"_uag_custom_page_level_css":"","site-sidebar-layout":"default","site-content-layout":"","ast-site-content-layout":"default","site-content-style":"default","site-sidebar-style":"default","ast-global-header-display":"","ast-banner-title-visibility":"","ast-main-header-display":"","ast-hfb-above-header-display":"","ast-hfb-below-header-display":"","ast-hfb-mobile-header-display":"","site-post-title":"","ast-breadcrumbs-content":"","ast-featured-img":"","footer-sml-layout":"","theme-transparent-header-meta":"","adv-header-id-meta":"","stick-header-meta":"","header-above-stick-meta":"","header-main-stick-meta":"","header-below-stick-meta":"","astra-migrate-meta-layouts":"default","ast-page-background-enabled":"default","ast-page-background-meta":{"desktop":{"background-color":"var(--ast-global-color-4)","background-image":"","background-repeat":"repeat","background-position":"center center","background-size":"auto","background-attachment":"scroll","background-type":"","background-media":"","overlay-type":"","overlay-color":"","overlay-opacity":"","overlay-gradient":""},"tablet":{"background-color":"","background-image":"","background-repeat":"repeat","background-position":"center center","background-size":"auto","background-attachment":"scroll","background-type":"","background-media":"","overlay-type":"","overlay-color":"","overlay-opacity":"","overlay-gradient":""},"mobile":{"background-color":"","background-image":"","background-repeat":"repeat","background-position":"center center","background-size":"auto","background-attachment":"scroll","background-type":"","background-media":"","overlay-type":"","overlay-color":"","overlay-opacity":"","overlay-gradient":""}},"ast-content-background-meta":{"desktop":{"background-color":"var(--ast-global-color-5)","background-image":"","background-repeat":"repeat","background-position":"center center","background-size":"auto","background-attachment":"scroll","background-type":"","background-media":"","overlay-type":"","overlay-color":"","overlay-opacity":"","overlay-gradient":""},"tablet":{"background-color":"var(--ast-global-color-5)","background-image":"","background-repeat":"repeat","background-position":"center center","background-size":"auto","background-attachment":"scroll","background-type":"","background-media":"","overlay-type":"","overlay-color":"","overlay-opacity":"","overlay-gradient":""},"mobile":{"background-color":"var(--ast-global-color-5)","background-image":"","background-repeat":"repeat","background-position":"center center","background-size":"auto","background-attachment":"scroll","background-type":"","background-media":"","overlay-type":"","overlay-color":"","overlay-opacity":"","overlay-gradient":""}},"footnotes":"","_links_to":"","_links_to_target":""},"class_list":["post-7377","page","type-page","status-publish","has-post-thumbnail","hentry"],"acf":[],"yoast_head":"<!-- This site is optimized with the Yoast SEO plugin v26.8 - https:\/\/yoast.com\/product\/yoast-seo-wordpress\/ -->\n<title>Nos Anciens R\u00e9sidents - La Maison Dora Maar et L&#039;H\u00f4tel Tingry<\/title>\n<meta name=\"robots\" content=\"index, follow, max-snippet:-1, max-image-preview:large, max-video-preview:-1\" \/>\n<link rel=\"canonical\" href=\"https:\/\/maisondoramaar.org\/fr\/la-bourse\/nos-anciens-boursiers\/\" \/>\n<meta property=\"og:locale\" content=\"fr_FR\" \/>\n<meta property=\"og:type\" content=\"article\" \/>\n<meta property=\"og:title\" content=\"Nos Anciens R\u00e9sidents - La Maison Dora Maar et L&#039;H\u00f4tel Tingry\" \/>\n<meta property=\"og:description\" content=\"ANNUAIRE DES ANCIENS R\u00e9sidents Que font-ils maintenant ? r\u00e9seau d&#8217;alumni &#8211; portail des anciens R\u00e9sidents Le Centre Culturel Dora Maar [&hellip;]\" \/>\n<meta property=\"og:url\" content=\"https:\/\/maisondoramaar.org\/fr\/la-bourse\/nos-anciens-boursiers\/\" \/>\n<meta property=\"og:site_name\" content=\"La Maison Dora Maar et L&#039;H\u00f4tel Tingry\" \/>\n<meta property=\"article:publisher\" content=\"https:\/\/fr-fr.facebook.com\/doramaarhouse\/\" \/>\n<meta property=\"article:modified_time\" content=\"2025-10-29T08:56:56+00:00\" \/>\n<meta property=\"og:image\" content=\"https:\/\/maisondoramaar.org\/wp-content\/uploads\/2024\/09\/Dora-Maar-5.jpg\" \/>\n\t<meta property=\"og:image:width\" content=\"1280\" \/>\n\t<meta property=\"og:image:height\" content=\"956\" \/>\n\t<meta property=\"og:image:type\" content=\"image\/jpeg\" \/>\n<meta name=\"twitter:card\" content=\"summary_large_image\" \/>\n<meta name=\"twitter:label1\" content=\"Est. reading time\" \/>\n\t<meta name=\"twitter:data1\" content=\"2 minutes\" \/>\n<script type=\"application\/ld+json\" class=\"yoast-schema-graph\">{\"@context\":\"https:\/\/schema.org\",\"@graph\":[{\"@type\":\"WebPage\",\"@id\":\"https:\/\/maisondoramaar.org\/fr\/la-bourse\/nos-anciens-boursiers\/\",\"url\":\"https:\/\/maisondoramaar.org\/fr\/la-bourse\/nos-anciens-boursiers\/\",\"name\":\"Nos Anciens R\u00e9sidents - La Maison Dora Maar et L&#039;H\u00f4tel Tingry\",\"isPartOf\":{\"@id\":\"https:\/\/maisondoramaar.org\/#website\"},\"primaryImageOfPage\":{\"@id\":\"https:\/\/maisondoramaar.org\/fr\/la-bourse\/nos-anciens-boursiers\/#primaryimage\"},\"image\":{\"@id\":\"https:\/\/maisondoramaar.org\/fr\/la-bourse\/nos-anciens-boursiers\/#primaryimage\"},\"thumbnailUrl\":\"https:\/\/maisondoramaar.org\/wp-content\/uploads\/2024\/09\/Dora-Maar-5.jpg\",\"datePublished\":\"2024-10-21T18:23:24+00:00\",\"dateModified\":\"2025-10-29T08:56:56+00:00\",\"breadcrumb\":{\"@id\":\"https:\/\/maisondoramaar.org\/fr\/la-bourse\/nos-anciens-boursiers\/#breadcrumb\"},\"inLanguage\":\"fr-FR\",\"potentialAction\":[{\"@type\":\"ReadAction\",\"target\":[\"https:\/\/maisondoramaar.org\/fr\/la-bourse\/nos-anciens-boursiers\/\"]}]},{\"@type\":\"ImageObject\",\"inLanguage\":\"fr-FR\",\"@id\":\"https:\/\/maisondoramaar.org\/fr\/la-bourse\/nos-anciens-boursiers\/#primaryimage\",\"url\":\"https:\/\/maisondoramaar.org\/wp-content\/uploads\/2024\/09\/Dora-Maar-5.jpg\",\"contentUrl\":\"https:\/\/maisondoramaar.org\/wp-content\/uploads\/2024\/09\/Dora-Maar-5.jpg\",\"width\":1280,\"height\":956},{\"@type\":\"BreadcrumbList\",\"@id\":\"https:\/\/maisondoramaar.org\/fr\/la-bourse\/nos-anciens-boursiers\/#breadcrumb\",\"itemListElement\":[{\"@type\":\"ListItem\",\"position\":1,\"name\":\"Accueil\",\"item\":\"https:\/\/maisondoramaar.org\/fr\/\"},{\"@type\":\"ListItem\",\"position\":2,\"name\":\"R\u00e9sidence\",\"item\":\"https:\/\/maisondoramaar.org\/fr\/la-bourse\/\"},{\"@type\":\"ListItem\",\"position\":3,\"name\":\"Nos Anciens R\u00e9sidents\"}]},{\"@type\":\"WebSite\",\"@id\":\"https:\/\/maisondoramaar.org\/#website\",\"url\":\"https:\/\/maisondoramaar.org\/\",\"name\":\"La Maison Dora Maar et L&#039;H\u00f4tel Tingry\",\"description\":\"Des lieux d&#039;arts de la Fondation Nancy Brown Negley \u00e0 M\u00e9nerbes (Vaucluse), France\",\"publisher\":{\"@id\":\"https:\/\/maisondoramaar.org\/#organization\"},\"potentialAction\":[{\"@type\":\"SearchAction\",\"target\":{\"@type\":\"EntryPoint\",\"urlTemplate\":\"https:\/\/maisondoramaar.org\/?s={search_term_string}\"},\"query-input\":{\"@type\":\"PropertyValueSpecification\",\"valueRequired\":true,\"valueName\":\"search_term_string\"}}],\"inLanguage\":\"fr-FR\"},{\"@type\":\"Organization\",\"@id\":\"https:\/\/maisondoramaar.org\/#organization\",\"name\":\"La Maison Dora Maar et L&#039;H\u00f4tel Tingry\",\"url\":\"https:\/\/maisondoramaar.org\/\",\"logo\":{\"@type\":\"ImageObject\",\"inLanguage\":\"fr-FR\",\"@id\":\"https:\/\/maisondoramaar.org\/#\/schema\/logo\/image\/\",\"url\":\"https:\/\/maisondoramaar.org\/wp-content\/uploads\/2024\/06\/DMCC_logo.png\",\"contentUrl\":\"https:\/\/maisondoramaar.org\/wp-content\/uploads\/2024\/06\/DMCC_logo.png\",\"width\":521,\"height\":362,\"caption\":\"La Maison Dora Maar et L&#039;H\u00f4tel Tingry\"},\"image\":{\"@id\":\"https:\/\/maisondoramaar.org\/#\/schema\/logo\/image\/\"},\"sameAs\":[\"https:\/\/fr-fr.facebook.com\/doramaarhouse\/\",\"https:\/\/www.instagram.com\/lamaisondoramaar\"]}]}<\/script>\n<!-- \/ Yoast SEO plugin. -->","yoast_head_json":{"title":"Nos Anciens R\u00e9sidents - La Maison Dora Maar et L&#039;H\u00f4tel Tingry","robots":{"index":"index","follow":"follow","max-snippet":"max-snippet:-1","max-image-preview":"max-image-preview:large","max-video-preview":"max-video-preview:-1"},"canonical":"https:\/\/maisondoramaar.org\/fr\/la-bourse\/nos-anciens-boursiers\/","og_locale":"fr_FR","og_type":"article","og_title":"Nos Anciens R\u00e9sidents - La Maison Dora Maar et L&#039;H\u00f4tel Tingry","og_description":"ANNUAIRE DES ANCIENS R\u00e9sidents Que font-ils maintenant ? r\u00e9seau d&#8217;alumni &#8211; portail des anciens R\u00e9sidents Le Centre Culturel Dora Maar [&hellip;]","og_url":"https:\/\/maisondoramaar.org\/fr\/la-bourse\/nos-anciens-boursiers\/","og_site_name":"La Maison Dora Maar et L&#039;H\u00f4tel Tingry","article_publisher":"https:\/\/fr-fr.facebook.com\/doramaarhouse\/","article_modified_time":"2025-10-29T08:56:56+00:00","og_image":[{"width":1280,"height":956,"url":"https:\/\/maisondoramaar.org\/wp-content\/uploads\/2024\/09\/Dora-Maar-5.jpg","type":"image\/jpeg"}],"twitter_card":"summary_large_image","twitter_misc":{"Est. reading time":"2 minutes"},"schema":{"@context":"https:\/\/schema.org","@graph":[{"@type":"WebPage","@id":"https:\/\/maisondoramaar.org\/fr\/la-bourse\/nos-anciens-boursiers\/","url":"https:\/\/maisondoramaar.org\/fr\/la-bourse\/nos-anciens-boursiers\/","name":"Nos Anciens R\u00e9sidents - La Maison Dora Maar et L&#039;H\u00f4tel Tingry","isPartOf":{"@id":"https:\/\/maisondoramaar.org\/#website"},"primaryImageOfPage":{"@id":"https:\/\/maisondoramaar.org\/fr\/la-bourse\/nos-anciens-boursiers\/#primaryimage"},"image":{"@id":"https:\/\/maisondoramaar.org\/fr\/la-bourse\/nos-anciens-boursiers\/#primaryimage"},"thumbnailUrl":"https:\/\/maisondoramaar.org\/wp-content\/uploads\/2024\/09\/Dora-Maar-5.jpg","datePublished":"2024-10-21T18:23:24+00:00","dateModified":"2025-10-29T08:56:56+00:00","breadcrumb":{"@id":"https:\/\/maisondoramaar.org\/fr\/la-bourse\/nos-anciens-boursiers\/#breadcrumb"},"inLanguage":"fr-FR","potentialAction":[{"@type":"ReadAction","target":["https:\/\/maisondoramaar.org\/fr\/la-bourse\/nos-anciens-boursiers\/"]}]},{"@type":"ImageObject","inLanguage":"fr-FR","@id":"https:\/\/maisondoramaar.org\/fr\/la-bourse\/nos-anciens-boursiers\/#primaryimage","url":"https:\/\/maisondoramaar.org\/wp-content\/uploads\/2024\/09\/Dora-Maar-5.jpg","contentUrl":"https:\/\/maisondoramaar.org\/wp-content\/uploads\/2024\/09\/Dora-Maar-5.jpg","width":1280,"height":956},{"@type":"BreadcrumbList","@id":"https:\/\/maisondoramaar.org\/fr\/la-bourse\/nos-anciens-boursiers\/#breadcrumb","itemListElement":[{"@type":"ListItem","position":1,"name":"Accueil","item":"https:\/\/maisondoramaar.org\/fr\/"},{"@type":"ListItem","position":2,"name":"R\u00e9sidence","item":"https:\/\/maisondoramaar.org\/fr\/la-bourse\/"},{"@type":"ListItem","position":3,"name":"Nos Anciens R\u00e9sidents"}]},{"@type":"WebSite","@id":"https:\/\/maisondoramaar.org\/#website","url":"https:\/\/maisondoramaar.org\/","name":"La Maison Dora Maar et L&#039;H\u00f4tel Tingry","description":"Des lieux d&#039;arts de la Fondation Nancy Brown Negley \u00e0 M\u00e9nerbes (Vaucluse), France","publisher":{"@id":"https:\/\/maisondoramaar.org\/#organization"},"potentialAction":[{"@type":"SearchAction","target":{"@type":"EntryPoint","urlTemplate":"https:\/\/maisondoramaar.org\/?s={search_term_string}"},"query-input":{"@type":"PropertyValueSpecification","valueRequired":true,"valueName":"search_term_string"}}],"inLanguage":"fr-FR"},{"@type":"Organization","@id":"https:\/\/maisondoramaar.org\/#organization","name":"La Maison Dora Maar et L&#039;H\u00f4tel Tingry","url":"https:\/\/maisondoramaar.org\/","logo":{"@type":"ImageObject","inLanguage":"fr-FR","@id":"https:\/\/maisondoramaar.org\/#\/schema\/logo\/image\/","url":"https:\/\/maisondoramaar.org\/wp-content\/uploads\/2024\/06\/DMCC_logo.png","contentUrl":"https:\/\/maisondoramaar.org\/wp-content\/uploads\/2024\/06\/DMCC_logo.png","width":521,"height":362,"caption":"La Maison Dora Maar et L&#039;H\u00f4tel Tingry"},"image":{"@id":"https:\/\/maisondoramaar.org\/#\/schema\/logo\/image\/"},"sameAs":["https:\/\/fr-fr.facebook.com\/doramaarhouse\/","https:\/\/www.instagram.com\/lamaisondoramaar"]}]}},"uagb_featured_image_src":{"full":["https:\/\/maisondoramaar.org\/wp-content\/uploads\/2024\/09\/Dora-Maar-5.jpg",1280,956,false],"thumbnail":["https:\/\/maisondoramaar.org\/wp-content\/uploads\/2024\/09\/Dora-Maar-5-150x150.jpg",150,150,true],"medium":["https:\/\/maisondoramaar.org\/wp-content\/uploads\/2024\/09\/Dora-Maar-5-300x224.jpg",300,224,true],"medium_large":["https:\/\/maisondoramaar.org\/wp-content\/uploads\/2024\/09\/Dora-Maar-5-768x574.jpg",768,574,true],"large":["https:\/\/maisondoramaar.org\/wp-content\/uploads\/2024\/09\/Dora-Maar-5-1024x765.jpg",1024,765,true],"1536x1536":["https:\/\/maisondoramaar.org\/wp-content\/uploads\/2024\/09\/Dora-Maar-5.jpg",1280,956,false],"2048x2048":["https:\/\/maisondoramaar.org\/wp-content\/uploads\/2024\/09\/Dora-Maar-5.jpg",1280,956,false],"featured":["https:\/\/maisondoramaar.org\/wp-content\/uploads\/2024\/09\/Dora-Maar-5-1000x565.jpg",1000,565,true],"gform-image-choice-sm":["https:\/\/maisondoramaar.org\/wp-content\/uploads\/2024\/09\/Dora-Maar-5.jpg",300,224,false],"gform-image-choice-md":["https:\/\/maisondoramaar.org\/wp-content\/uploads\/2024\/09\/Dora-Maar-5.jpg",400,299,false],"gform-image-choice-lg":["https:\/\/maisondoramaar.org\/wp-content\/uploads\/2024\/09\/Dora-Maar-5.jpg",600,448,false],"xl":["https:\/\/maisondoramaar.org\/wp-content\/uploads\/2024\/09\/Dora-Maar-5.jpg",1280,956,false],"xxl":["https:\/\/maisondoramaar.org\/wp-content\/uploads\/2024\/09\/Dora-Maar-5.jpg",1280,956,false],"xxxl":["https:\/\/maisondoramaar.org\/wp-content\/uploads\/2024\/09\/Dora-Maar-5.jpg",1280,956,false],"xxxxl":["https:\/\/maisondoramaar.org\/wp-content\/uploads\/2024\/09\/Dora-Maar-5.jpg",1280,956,false],"xxxxxl":["https:\/\/maisondoramaar.org\/wp-content\/uploads\/2024\/09\/Dora-Maar-5.jpg",1280,956,false],"awb_sm":["https:\/\/maisondoramaar.org\/wp-content\/uploads\/2024\/09\/Dora-Maar-5-500x373.jpg",500,373,true],"awb_md":["https:\/\/maisondoramaar.org\/wp-content\/uploads\/2024\/09\/Dora-Maar-5-800x598.jpg",800,598,true],"awb_lg":["https:\/\/maisondoramaar.org\/wp-content\/uploads\/2024\/09\/Dora-Maar-5.jpg",1280,956,false],"awb_xl":["https:\/\/maisondoramaar.org\/wp-content\/uploads\/2024\/09\/Dora-Maar-5.jpg",1280,956,false]},"uagb_author_info":{"display_name":"Benjamin","author_link":"https:\/\/maisondoramaar.org\/fr\/author\/benjamin\/"},"uagb_comment_info":0,"uagb_excerpt":"ANNUAIRE DES ANCIENS R\u00e9sidents Que font-ils maintenant ? r\u00e9seau d&#8217;alumni &#8211; portail des anciens R\u00e9sidents Le Centre Culturel Dora Maar [&hellip;]","_links":{"self":[{"href":"https:\/\/maisondoramaar.org\/fr\/wp-json\/wp\/v2\/pages\/7377","targetHints":{"allow":["GET"]}}],"collection":[{"href":"https:\/\/maisondoramaar.org\/fr\/wp-json\/wp\/v2\/pages"}],"about":[{"href":"https:\/\/maisondoramaar.org\/fr\/wp-json\/wp\/v2\/types\/page"}],"author":[{"embeddable":true,"href":"https:\/\/maisondoramaar.org\/fr\/wp-json\/wp\/v2\/users\/7"}],"replies":[{"embeddable":true,"href":"https:\/\/maisondoramaar.org\/fr\/wp-json\/wp\/v2\/comments?post=7377"}],"version-history":[{"count":11,"href":"https:\/\/maisondoramaar.org\/fr\/wp-json\/wp\/v2\/pages\/7377\/revisions"}],"predecessor-version":[{"id":8762,"href":"https:\/\/maisondoramaar.org\/fr\/wp-json\/wp\/v2\/pages\/7377\/revisions\/8762"}],"up":[{"embeddable":true,"href":"https:\/\/maisondoramaar.org\/fr\/wp-json\/wp\/v2\/pages\/7362"}],"wp:featuredmedia":[{"embeddable":true,"href":"https:\/\/maisondoramaar.org\/fr\/wp-json\/wp\/v2\/media\/6941"}],"wp:attachment":[{"href":"https:\/\/maisondoramaar.org\/fr\/wp-json\/wp\/v2\/media?parent=7377"}],"curies":[{"name":"wp","href":"https:\/\/api.w.org\/{rel}","templated":true}]}}