{"id":7404,"date":"2024-10-21T21:36:05","date_gmt":"2024-10-21T19:36:05","guid":{"rendered":"https:\/\/staging.maisondoramaar.org\/soutien\/sengager\/"},"modified":"2026-01-29T12:20:15","modified_gmt":"2026-01-29T11:20:15","slug":"sengager","status":"publish","type":"page","link":"https:\/\/maisondoramaar.org\/fr\/soutien\/sengager\/","title":{"rendered":"S&#8217;engager"},"content":{"rendered":"\n<div class=\"wp-block-cover alignfull parallax\" style=\"min-height:70vh;aspect-ratio:unset;\"><img loading=\"lazy\" decoding=\"async\" width=\"1024\" height=\"640\" class=\"wp-block-cover__image-background wp-image-9109 size-large\" alt=\"\" src=\"https:\/\/maisondoramaar.org\/wp-content\/uploads\/2026\/01\/DJI_0268-1024x640.jpg\" data-object-fit=\"cover\" srcset=\"https:\/\/maisondoramaar.org\/wp-content\/uploads\/2026\/01\/DJI_0268-1024x640.jpg 1024w, https:\/\/maisondoramaar.org\/wp-content\/uploads\/2026\/01\/DJI_0268-300x188.jpg 300w, https:\/\/maisondoramaar.org\/wp-content\/uploads\/2026\/01\/DJI_0268-768x480.jpg 768w, https:\/\/maisondoramaar.org\/wp-content\/uploads\/2026\/01\/DJI_0268-1536x960.jpg 1536w, https:\/\/maisondoramaar.org\/wp-content\/uploads\/2026\/01\/DJI_0268-2048x1280.jpg 2048w, https:\/\/maisondoramaar.org\/wp-content\/uploads\/2026\/01\/DJI_0268-1600x1000.jpg 1600w, https:\/\/maisondoramaar.org\/wp-content\/uploads\/2026\/01\/DJI_0268-500x313.jpg 500w, https:\/\/maisondoramaar.org\/wp-content\/uploads\/2026\/01\/DJI_0268-800x500.jpg 800w, https:\/\/maisondoramaar.org\/wp-content\/uploads\/2026\/01\/DJI_0268-1280x800.jpg 1280w, https:\/\/maisondoramaar.org\/wp-content\/uploads\/2026\/01\/DJI_0268-1920x1200.jpg 1920w\" sizes=\"auto, (max-width: 1024px) 100vw, 1024px\" \/><span aria-hidden=\"true\" class=\"wp-block-cover__background has-background-dim-0 has-background-dim\" style=\"background-color:#a3a39b\"><\/span><div class=\"wp-block-cover__inner-container is-layout-constrained wp-block-cover-is-layout-constrained\">\n<p class=\"has-text-align-center has-large-font-size\"><\/p>\n<\/div><\/div>\n\n\n\n<div style=\"height:30px\" aria-hidden=\"true\" class=\"wp-block-spacer\"><\/div>\n\n\n\n<div style=\"height:60px\" aria-hidden=\"true\" class=\"wp-block-spacer\"><\/div>\n\n\n\n<h2 class=\"wp-block-heading has-text-align-center\" id=\"Possibilit\u00e9s-de-b\u00e9n\u00e9volat\" style=\"font-style:normal;font-weight:300\"><strong>Possibilit\u00e9s de b\u00e9n\u00e9volat<\/strong><\/h2>\n\n\n\n<p>Le Centre Culturel Dora Maar recherche des b\u00e9n\u00e9voles pour le gardiennage d&#8217;expositions et les diff\u00e9rents \u00e9v\u00e9nements. <strong>Veuillez contacter Camille Bergagnini \u00e0 l&#8217;adresse <a href=\"mailto:mmercurio@maisondoramaar.org\">cbergagnini@maisondoramaar.org<\/a> pour en savoir plus.<\/strong><\/p>\n\n\n\n<div style=\"height:60px\" aria-hidden=\"true\" class=\"wp-block-spacer\"><\/div>\n\n\n\n<div class=\"wp-block-columns alignfull is-layout-flex wp-container-core-columns-is-layout-07b7b7eb wp-block-columns-is-layout-flex\" style=\"padding-top:0;padding-right:0;padding-bottom:0;padding-left:0\">\n<div class=\"wp-block-column is-layout-flow wp-block-column-is-layout-flow\">\n<div class=\"wp-block-cover is-light\" style=\"min-height:60vh;aspect-ratio:unset;\"><img loading=\"lazy\" decoding=\"async\" width=\"2560\" height=\"1890\" class=\"wp-block-cover__image-background wp-image-6584\" alt=\"\" src=\"https:\/\/maisondoramaar.org\/wp-content\/uploads\/2024\/08\/melina-and-louane-interns-scaled.jpg\" data-object-fit=\"cover\" srcset=\"https:\/\/maisondoramaar.org\/wp-content\/uploads\/2024\/08\/melina-and-louane-interns-scaled.jpg 2560w, https:\/\/maisondoramaar.org\/wp-content\/uploads\/2024\/08\/melina-and-louane-interns-300x221.jpg 300w, https:\/\/maisondoramaar.org\/wp-content\/uploads\/2024\/08\/melina-and-louane-interns-1024x756.jpg 1024w, https:\/\/maisondoramaar.org\/wp-content\/uploads\/2024\/08\/melina-and-louane-interns-768x567.jpg 768w, https:\/\/maisondoramaar.org\/wp-content\/uploads\/2024\/08\/melina-and-louane-interns-50x37.jpg 50w, https:\/\/maisondoramaar.org\/wp-content\/uploads\/2024\/08\/melina-and-louane-interns-1600x1181.jpg 1600w, https:\/\/maisondoramaar.org\/wp-content\/uploads\/2024\/08\/melina-and-louane-interns-1536x1134.jpg 1536w, https:\/\/maisondoramaar.org\/wp-content\/uploads\/2024\/08\/melina-and-louane-interns-2048x1512.jpg 2048w\" sizes=\"auto, (max-width: 2560px) 100vw, 2560px\" \/><span aria-hidden=\"true\" class=\"wp-block-cover__background has-background-dim-0 has-background-dim\" style=\"background-color:#8b9e96\"><\/span><div class=\"wp-block-cover__inner-container is-layout-constrained wp-block-cover-is-layout-constrained\">\n<p class=\"has-text-align-center has-large-font-size\"><\/p>\n<\/div><\/div>\n<\/div>\n\n\n\n<div class=\"wp-block-column is-layout-flow wp-block-column-is-layout-flow\" style=\"flex-basis:40%\">\n<div class=\"wp-block-cover is-light\" style=\"min-height:60vh;aspect-ratio:unset;\"><img loading=\"lazy\" decoding=\"async\" width=\"2560\" height=\"1830\" class=\"wp-block-cover__image-background wp-image-6586\" alt=\"\" src=\"https:\/\/maisondoramaar.org\/wp-content\/uploads\/2024\/08\/IMG_9693-scaled.jpg\" data-object-fit=\"cover\" srcset=\"https:\/\/maisondoramaar.org\/wp-content\/uploads\/2024\/08\/IMG_9693-scaled.jpg 2560w, https:\/\/maisondoramaar.org\/wp-content\/uploads\/2024\/08\/IMG_9693-300x215.jpg 300w, https:\/\/maisondoramaar.org\/wp-content\/uploads\/2024\/08\/IMG_9693-1024x732.jpg 1024w, https:\/\/maisondoramaar.org\/wp-content\/uploads\/2024\/08\/IMG_9693-768x549.jpg 768w, https:\/\/maisondoramaar.org\/wp-content\/uploads\/2024\/08\/IMG_9693-50x36.jpg 50w, https:\/\/maisondoramaar.org\/wp-content\/uploads\/2024\/08\/IMG_9693-1600x1144.jpg 1600w, https:\/\/maisondoramaar.org\/wp-content\/uploads\/2024\/08\/IMG_9693-1536x1098.jpg 1536w, https:\/\/maisondoramaar.org\/wp-content\/uploads\/2024\/08\/IMG_9693-2048x1464.jpg 2048w\" sizes=\"auto, (max-width: 2560px) 100vw, 2560px\" \/><span aria-hidden=\"true\" class=\"wp-block-cover__background has-background-dim-0 has-background-dim\" style=\"background-color:#66685c\"><\/span><div class=\"wp-block-cover__inner-container is-layout-constrained wp-container-core-cover-is-layout-b5138c29 wp-block-cover-is-layout-constrained\">\n<p class=\"has-text-align-center has-large-font-size\"><\/p>\n<\/div><\/div>\n<\/div>\n<\/div>\n\n\n\n<div style=\"height:60px\" aria-hidden=\"true\" class=\"wp-block-spacer\"><\/div>\n\n\n\n<h2 class=\"wp-block-heading alignwide has-text-align-center\" id=\"Opportunit\u00e9s\" style=\"font-style:normal;font-weight:300\"><strong>Opportunit\u00e9s de stages pour les \u00e9tudiants<\/strong><\/h2>\n\n\n\n<p>Le Centre culturel Dora Maar recherche chaque ann\u00e9e des \u00e9tudiants stagiaires pour le printemps\/\u00e9t\u00e9 et l&#8217;automne\/hiver. Nos stagiaires ont pour mission de soutenir la gestion du DMCC, qui comprend le programme de r\u00e9sidence \u00e0 la Maison Dora Maar, la galerie La Mob et l&#8217;H\u00f4tel de Tingry, ainsi que les \u00e9v\u00e9nements et les expositions.<\/p>\n\n\n\n<p>Qualit\u00e9s et exp\u00e9riences recherch\u00e9es :<\/p>\n\n\n\n<ul class=\"wp-block-list\">\n<li>\u00c9tudiant(e) de l&#8217;enseignement sup\u00e9rieur (niveau Master requis) pouvant travailler en France<\/li>\n\n\n\n<li>Bilingue en fran\u00e7ais et en anglais<\/li>\n\n\n\n<li>Permis de conduire et voiture sont un plus<\/li>\n\n\n\n<li>Bonne capacit\u00e9 de r\u00e9daction et de communication orale<\/li>\n\n\n\n<li>Capacit\u00e9 d&#8217;analyse et de synth\u00e8se<\/li>\n\n\n\n<li>Anticipation, sens des priorit\u00e9s, polyvalence et adaptabilit\u00e9<\/li>\n\n\n\n<li>Esprit d&#8217;initiative et autonomie (indispensables dans une petite \u00e9quipe)<\/li>\n\n\n\n<li>Int\u00e9r\u00eat marqu\u00e9 pour l&#8217;art et la litt\u00e9rature contemporains<\/li>\n\n\n\n<li>Exp\u00e9rience dans le commerce de d\u00e9tail (boutique, galerie, etc.)<\/li>\n<\/ul>\n\n\n\n<p>Nos stagiaires re\u00e7oivent&nbsp;:<\/p>\n\n\n\n<ul class=\"wp-block-list\">\n<li>Un salaire mensuel<\/li>\n\n\n\n<li>H\u00e9bergement \u00e0 la Maison Dora Maar<\/li>\n\n\n\n<li>Acc\u00e8s \u00e0 la piscine en saison<\/li>\n\n\n\n<li>Un cadre exceptionnel, village de caract\u00e8re en Provence<\/li>\n\n\n\n<li>L&#8217;opportunit\u00e9 d&#8217;entrer en contact avec des professionnels internationaux de l&#8217;industrie artistique (plusieurs de nos stagiaires ont trouv\u00e9 un futur poste gr\u00e2ce aux contacts \u00e9tablis pendant leur stage avec nous !)<\/li>\n<\/ul>\n\n\n\n<p class=\"has-text-align-center\">Pour plus d&#8217;informations ou pour soumettre votre candidature, veuillez envoyer un courriel \u00e0 Camille Bergagnini, responsable de la communication et du recrutement des stagiaires, \u00e0 l&#8217;adresse suivante : <a href=\"mailto:mmercurio@maisondoramaar.org\">cbergagnini@maisondoramaar.org<\/a><\/p>\n\n\n\n<div style=\"height:60px\" aria-hidden=\"true\" class=\"wp-block-spacer\"><\/div>\n\n\n\n<div style=\"height:60px\" aria-hidden=\"true\" class=\"wp-block-spacer\"><\/div>\n","protected":false},"excerpt":{"rendered":"<p>Cette page contient les informations concernant les possibilit\u00e9s de b\u00e9n\u00e9volat, ainsi que les opportunit\u00e9s de stage et d&#8217;emploi.<\/p>\n","protected":false},"author":7,"featured_media":6587,"parent":7364,"menu_order":3,"comment_status":"closed","ping_status":"closed","template":"","meta":{"_acf_changed":false,"_uag_custom_page_level_css":"","site-sidebar-layout":"default","site-content-layout":"","ast-site-content-layout":"default","site-content-style":"default","site-sidebar-style":"default","ast-global-header-display":"","ast-banner-title-visibility":"","ast-main-header-display":"","ast-hfb-above-header-display":"","ast-hfb-below-header-display":"","ast-hfb-mobile-header-display":"","site-post-title":"","ast-breadcrumbs-content":"","ast-featured-img":"","footer-sml-layout":"","theme-transparent-header-meta":"","adv-header-id-meta":"","stick-header-meta":"","header-above-stick-meta":"","header-main-stick-meta":"","header-below-stick-meta":"","astra-migrate-meta-layouts":"default","ast-page-background-enabled":"default","ast-page-background-meta":{"desktop":{"background-color":"var(--ast-global-color-4)","background-image":"","background-repeat":"repeat","background-position":"center center","background-size":"auto","background-attachment":"scroll","background-type":"","background-media":"","overlay-type":"","overlay-color":"","overlay-opacity":"","overlay-gradient":""},"tablet":{"background-color":"","background-image":"","background-repeat":"repeat","background-position":"center center","background-size":"auto","background-attachment":"scroll","background-type":"","background-media":"","overlay-type":"","overlay-color":"","overlay-opacity":"","overlay-gradient":""},"mobile":{"background-color":"","background-image":"","background-repeat":"repeat","background-position":"center center","background-size":"auto","background-attachment":"scroll","background-type":"","background-media":"","overlay-type":"","overlay-color":"","overlay-opacity":"","overlay-gradient":""}},"ast-content-background-meta":{"desktop":{"background-color":"var(--ast-global-color-5)","background-image":"","background-repeat":"repeat","background-position":"center center","background-size":"auto","background-attachment":"scroll","background-type":"","background-media":"","overlay-type":"","overlay-color":"","overlay-opacity":"","overlay-gradient":""},"tablet":{"background-color":"var(--ast-global-color-5)","background-image":"","background-repeat":"repeat","background-position":"center center","background-size":"auto","background-attachment":"scroll","background-type":"","background-media":"","overlay-type":"","overlay-color":"","overlay-opacity":"","overlay-gradient":""},"mobile":{"background-color":"var(--ast-global-color-5)","background-image":"","background-repeat":"repeat","background-position":"center center","background-size":"auto","background-attachment":"scroll","background-type":"","background-media":"","overlay-type":"","overlay-color":"","overlay-opacity":"","overlay-gradient":""}},"footnotes":"","_links_to":"","_links_to_target":""},"class_list":["post-7404","page","type-page","status-publish","has-post-thumbnail","hentry"],"acf":[],"yoast_head":"<!-- This site is optimized with the Yoast SEO plugin v26.8 - https:\/\/yoast.com\/product\/yoast-seo-wordpress\/ -->\n<title>S&#039;engager - La Maison Dora Maar et L&#039;H\u00f4tel Tingry<\/title>\n<meta name=\"robots\" content=\"index, follow, max-snippet:-1, max-image-preview:large, max-video-preview:-1\" \/>\n<link rel=\"canonical\" href=\"https:\/\/maisondoramaar.org\/fr\/soutien\/sengager\/\" \/>\n<meta property=\"og:locale\" content=\"fr_FR\" \/>\n<meta property=\"og:type\" content=\"article\" \/>\n<meta property=\"og:title\" content=\"S&#039;engager - La Maison Dora Maar et L&#039;H\u00f4tel Tingry\" \/>\n<meta property=\"og:description\" content=\"Cette page contient les informations concernant les possibilit\u00e9s de b\u00e9n\u00e9volat, ainsi que les opportunit\u00e9s de stage et d&#039;emploi.\" \/>\n<meta property=\"og:url\" content=\"https:\/\/maisondoramaar.org\/fr\/soutien\/sengager\/\" \/>\n<meta property=\"og:site_name\" content=\"La Maison Dora Maar et L&#039;H\u00f4tel Tingry\" \/>\n<meta property=\"article:publisher\" content=\"https:\/\/fr-fr.facebook.com\/doramaarhouse\/\" \/>\n<meta property=\"article:modified_time\" content=\"2026-01-29T11:20:15+00:00\" \/>\n<meta property=\"og:image\" content=\"https:\/\/maisondoramaar.org\/wp-content\/uploads\/2024\/08\/IMG_9693-scaled.jpg\" \/>\n\t<meta property=\"og:image:width\" content=\"2560\" \/>\n\t<meta property=\"og:image:height\" content=\"1830\" \/>\n\t<meta property=\"og:image:type\" content=\"image\/jpeg\" \/>\n<meta name=\"twitter:card\" content=\"summary_large_image\" \/>\n<meta name=\"twitter:label1\" content=\"Est. reading time\" \/>\n\t<meta name=\"twitter:data1\" content=\"2 minutes\" \/>\n<script type=\"application\/ld+json\" class=\"yoast-schema-graph\">{\"@context\":\"https:\/\/schema.org\",\"@graph\":[{\"@type\":\"WebPage\",\"@id\":\"https:\/\/maisondoramaar.org\/fr\/soutien\/sengager\/\",\"url\":\"https:\/\/maisondoramaar.org\/fr\/soutien\/sengager\/\",\"name\":\"S'engager - La Maison Dora Maar et L&#039;H\u00f4tel Tingry\",\"isPartOf\":{\"@id\":\"https:\/\/maisondoramaar.org\/#website\"},\"primaryImageOfPage\":{\"@id\":\"https:\/\/maisondoramaar.org\/fr\/soutien\/sengager\/#primaryimage\"},\"image\":{\"@id\":\"https:\/\/maisondoramaar.org\/fr\/soutien\/sengager\/#primaryimage\"},\"thumbnailUrl\":\"https:\/\/maisondoramaar.org\/wp-content\/uploads\/2024\/08\/IMG_9693-scaled.jpg\",\"datePublished\":\"2024-10-21T19:36:05+00:00\",\"dateModified\":\"2026-01-29T11:20:15+00:00\",\"breadcrumb\":{\"@id\":\"https:\/\/maisondoramaar.org\/fr\/soutien\/sengager\/#breadcrumb\"},\"inLanguage\":\"fr-FR\",\"potentialAction\":[{\"@type\":\"ReadAction\",\"target\":[\"https:\/\/maisondoramaar.org\/fr\/soutien\/sengager\/\"]}]},{\"@type\":\"ImageObject\",\"inLanguage\":\"fr-FR\",\"@id\":\"https:\/\/maisondoramaar.org\/fr\/soutien\/sengager\/#primaryimage\",\"url\":\"https:\/\/maisondoramaar.org\/wp-content\/uploads\/2024\/08\/IMG_9693-scaled.jpg\",\"contentUrl\":\"https:\/\/maisondoramaar.org\/wp-content\/uploads\/2024\/08\/IMG_9693-scaled.jpg\",\"width\":2560,\"height\":1830},{\"@type\":\"BreadcrumbList\",\"@id\":\"https:\/\/maisondoramaar.org\/fr\/soutien\/sengager\/#breadcrumb\",\"itemListElement\":[{\"@type\":\"ListItem\",\"position\":1,\"name\":\"Accueil\",\"item\":\"https:\/\/maisondoramaar.org\/fr\/\"},{\"@type\":\"ListItem\",\"position\":2,\"name\":\"Soutien\",\"item\":\"https:\/\/maisondoramaar.org\/fr\/soutien\/\"},{\"@type\":\"ListItem\",\"position\":3,\"name\":\"S&#8217;engager\"}]},{\"@type\":\"WebSite\",\"@id\":\"https:\/\/maisondoramaar.org\/#website\",\"url\":\"https:\/\/maisondoramaar.org\/\",\"name\":\"La Maison Dora Maar et L&#039;H\u00f4tel Tingry\",\"description\":\"Des lieux d&#039;arts de la Fondation Nancy Brown Negley \u00e0 M\u00e9nerbes (Vaucluse), France\",\"publisher\":{\"@id\":\"https:\/\/maisondoramaar.org\/#organization\"},\"potentialAction\":[{\"@type\":\"SearchAction\",\"target\":{\"@type\":\"EntryPoint\",\"urlTemplate\":\"https:\/\/maisondoramaar.org\/?s={search_term_string}\"},\"query-input\":{\"@type\":\"PropertyValueSpecification\",\"valueRequired\":true,\"valueName\":\"search_term_string\"}}],\"inLanguage\":\"fr-FR\"},{\"@type\":\"Organization\",\"@id\":\"https:\/\/maisondoramaar.org\/#organization\",\"name\":\"La Maison Dora Maar et L&#039;H\u00f4tel Tingry\",\"url\":\"https:\/\/maisondoramaar.org\/\",\"logo\":{\"@type\":\"ImageObject\",\"inLanguage\":\"fr-FR\",\"@id\":\"https:\/\/maisondoramaar.org\/#\/schema\/logo\/image\/\",\"url\":\"https:\/\/maisondoramaar.org\/wp-content\/uploads\/2024\/06\/DMCC_logo.png\",\"contentUrl\":\"https:\/\/maisondoramaar.org\/wp-content\/uploads\/2024\/06\/DMCC_logo.png\",\"width\":521,\"height\":362,\"caption\":\"La Maison Dora Maar et L&#039;H\u00f4tel Tingry\"},\"image\":{\"@id\":\"https:\/\/maisondoramaar.org\/#\/schema\/logo\/image\/\"},\"sameAs\":[\"https:\/\/fr-fr.facebook.com\/doramaarhouse\/\",\"https:\/\/www.instagram.com\/lamaisondoramaar\"]}]}<\/script>\n<!-- \/ Yoast SEO plugin. -->","yoast_head_json":{"title":"S'engager - La Maison Dora Maar et L&#039;H\u00f4tel Tingry","robots":{"index":"index","follow":"follow","max-snippet":"max-snippet:-1","max-image-preview":"max-image-preview:large","max-video-preview":"max-video-preview:-1"},"canonical":"https:\/\/maisondoramaar.org\/fr\/soutien\/sengager\/","og_locale":"fr_FR","og_type":"article","og_title":"S'engager - La Maison Dora Maar et L&#039;H\u00f4tel Tingry","og_description":"Cette page contient les informations concernant les possibilit\u00e9s de b\u00e9n\u00e9volat, ainsi que les opportunit\u00e9s de stage et d'emploi.","og_url":"https:\/\/maisondoramaar.org\/fr\/soutien\/sengager\/","og_site_name":"La Maison Dora Maar et L&#039;H\u00f4tel Tingry","article_publisher":"https:\/\/fr-fr.facebook.com\/doramaarhouse\/","article_modified_time":"2026-01-29T11:20:15+00:00","og_image":[{"width":2560,"height":1830,"url":"https:\/\/maisondoramaar.org\/wp-content\/uploads\/2024\/08\/IMG_9693-scaled.jpg","type":"image\/jpeg"}],"twitter_card":"summary_large_image","twitter_misc":{"Est. reading time":"2 minutes"},"schema":{"@context":"https:\/\/schema.org","@graph":[{"@type":"WebPage","@id":"https:\/\/maisondoramaar.org\/fr\/soutien\/sengager\/","url":"https:\/\/maisondoramaar.org\/fr\/soutien\/sengager\/","name":"S'engager - La Maison Dora Maar et L&#039;H\u00f4tel Tingry","isPartOf":{"@id":"https:\/\/maisondoramaar.org\/#website"},"primaryImageOfPage":{"@id":"https:\/\/maisondoramaar.org\/fr\/soutien\/sengager\/#primaryimage"},"image":{"@id":"https:\/\/maisondoramaar.org\/fr\/soutien\/sengager\/#primaryimage"},"thumbnailUrl":"https:\/\/maisondoramaar.org\/wp-content\/uploads\/2024\/08\/IMG_9693-scaled.jpg","datePublished":"2024-10-21T19:36:05+00:00","dateModified":"2026-01-29T11:20:15+00:00","breadcrumb":{"@id":"https:\/\/maisondoramaar.org\/fr\/soutien\/sengager\/#breadcrumb"},"inLanguage":"fr-FR","potentialAction":[{"@type":"ReadAction","target":["https:\/\/maisondoramaar.org\/fr\/soutien\/sengager\/"]}]},{"@type":"ImageObject","inLanguage":"fr-FR","@id":"https:\/\/maisondoramaar.org\/fr\/soutien\/sengager\/#primaryimage","url":"https:\/\/maisondoramaar.org\/wp-content\/uploads\/2024\/08\/IMG_9693-scaled.jpg","contentUrl":"https:\/\/maisondoramaar.org\/wp-content\/uploads\/2024\/08\/IMG_9693-scaled.jpg","width":2560,"height":1830},{"@type":"BreadcrumbList","@id":"https:\/\/maisondoramaar.org\/fr\/soutien\/sengager\/#breadcrumb","itemListElement":[{"@type":"ListItem","position":1,"name":"Accueil","item":"https:\/\/maisondoramaar.org\/fr\/"},{"@type":"ListItem","position":2,"name":"Soutien","item":"https:\/\/maisondoramaar.org\/fr\/soutien\/"},{"@type":"ListItem","position":3,"name":"S&#8217;engager"}]},{"@type":"WebSite","@id":"https:\/\/maisondoramaar.org\/#website","url":"https:\/\/maisondoramaar.org\/","name":"La Maison Dora Maar et L&#039;H\u00f4tel Tingry","description":"Des lieux d&#039;arts de la Fondation Nancy Brown Negley \u00e0 M\u00e9nerbes (Vaucluse), France","publisher":{"@id":"https:\/\/maisondoramaar.org\/#organization"},"potentialAction":[{"@type":"SearchAction","target":{"@type":"EntryPoint","urlTemplate":"https:\/\/maisondoramaar.org\/?s={search_term_string}"},"query-input":{"@type":"PropertyValueSpecification","valueRequired":true,"valueName":"search_term_string"}}],"inLanguage":"fr-FR"},{"@type":"Organization","@id":"https:\/\/maisondoramaar.org\/#organization","name":"La Maison Dora Maar et L&#039;H\u00f4tel Tingry","url":"https:\/\/maisondoramaar.org\/","logo":{"@type":"ImageObject","inLanguage":"fr-FR","@id":"https:\/\/maisondoramaar.org\/#\/schema\/logo\/image\/","url":"https:\/\/maisondoramaar.org\/wp-content\/uploads\/2024\/06\/DMCC_logo.png","contentUrl":"https:\/\/maisondoramaar.org\/wp-content\/uploads\/2024\/06\/DMCC_logo.png","width":521,"height":362,"caption":"La Maison Dora Maar et L&#039;H\u00f4tel Tingry"},"image":{"@id":"https:\/\/maisondoramaar.org\/#\/schema\/logo\/image\/"},"sameAs":["https:\/\/fr-fr.facebook.com\/doramaarhouse\/","https:\/\/www.instagram.com\/lamaisondoramaar"]}]}},"uagb_featured_image_src":{"full":["https:\/\/maisondoramaar.org\/wp-content\/uploads\/2024\/08\/IMG_9693-scaled.jpg",2560,1830,false],"thumbnail":["https:\/\/maisondoramaar.org\/wp-content\/uploads\/2024\/08\/IMG_9693-150x150.jpg",150,150,true],"medium":["https:\/\/maisondoramaar.org\/wp-content\/uploads\/2024\/08\/IMG_9693-300x215.jpg",300,215,true],"medium_large":["https:\/\/maisondoramaar.org\/wp-content\/uploads\/2024\/08\/IMG_9693-768x549.jpg",768,549,true],"large":["https:\/\/maisondoramaar.org\/wp-content\/uploads\/2024\/08\/IMG_9693-1024x732.jpg",1024,732,true],"1536x1536":["https:\/\/maisondoramaar.org\/wp-content\/uploads\/2024\/08\/IMG_9693-1536x1098.jpg",1536,1098,true],"2048x2048":["https:\/\/maisondoramaar.org\/wp-content\/uploads\/2024\/08\/IMG_9693-2048x1464.jpg",2048,1464,true],"featured":["https:\/\/maisondoramaar.org\/wp-content\/uploads\/2024\/08\/IMG_9693-1000x565.jpg",1000,565,true],"gform-image-choice-sm":["https:\/\/maisondoramaar.org\/wp-content\/uploads\/2024\/08\/IMG_9693-scaled.jpg",300,214,false],"gform-image-choice-md":["https:\/\/maisondoramaar.org\/wp-content\/uploads\/2024\/08\/IMG_9693-scaled.jpg",400,286,false],"gform-image-choice-lg":["https:\/\/maisondoramaar.org\/wp-content\/uploads\/2024\/08\/IMG_9693-scaled.jpg",600,429,false],"xl":["https:\/\/maisondoramaar.org\/wp-content\/uploads\/2024\/08\/IMG_9693-1600x1144.jpg",1600,1144,true],"xxl":["https:\/\/maisondoramaar.org\/wp-content\/uploads\/2024\/08\/IMG_9693-2200x1573.jpg",2200,1573,true],"xxxl":["https:\/\/maisondoramaar.org\/wp-content\/uploads\/2024\/08\/IMG_9693-2800x2002.jpg",2800,2002,true],"xxxxl":["https:\/\/maisondoramaar.org\/wp-content\/uploads\/2024\/08\/IMG_9693-3400x2431.jpg",3400,2431,true],"xxxxxl":["https:\/\/maisondoramaar.org\/wp-content\/uploads\/2024\/08\/IMG_9693-scaled.jpg",2560,1830,false],"awb_sm":["https:\/\/maisondoramaar.org\/wp-content\/uploads\/2024\/08\/IMG_9693-scaled.jpg",500,357,false],"awb_md":["https:\/\/maisondoramaar.org\/wp-content\/uploads\/2024\/08\/IMG_9693-scaled.jpg",800,572,false],"awb_lg":["https:\/\/maisondoramaar.org\/wp-content\/uploads\/2024\/08\/IMG_9693-scaled.jpg",1280,915,false],"awb_xl":["https:\/\/maisondoramaar.org\/wp-content\/uploads\/2024\/08\/IMG_9693-scaled.jpg",1920,1373,false]},"uagb_author_info":{"display_name":"Benjamin","author_link":"https:\/\/maisondoramaar.org\/fr\/author\/benjamin\/"},"uagb_comment_info":0,"uagb_excerpt":"Cette page contient les informations concernant les possibilit\u00e9s de b\u00e9n\u00e9volat, ainsi que les opportunit\u00e9s de stage et d'emploi.","_links":{"self":[{"href":"https:\/\/maisondoramaar.org\/fr\/wp-json\/wp\/v2\/pages\/7404","targetHints":{"allow":["GET"]}}],"collection":[{"href":"https:\/\/maisondoramaar.org\/fr\/wp-json\/wp\/v2\/pages"}],"about":[{"href":"https:\/\/maisondoramaar.org\/fr\/wp-json\/wp\/v2\/types\/page"}],"author":[{"embeddable":true,"href":"https:\/\/maisondoramaar.org\/fr\/wp-json\/wp\/v2\/users\/7"}],"replies":[{"embeddable":true,"href":"https:\/\/maisondoramaar.org\/fr\/wp-json\/wp\/v2\/comments?post=7404"}],"version-history":[{"count":10,"href":"https:\/\/maisondoramaar.org\/fr\/wp-json\/wp\/v2\/pages\/7404\/revisions"}],"predecessor-version":[{"id":9142,"href":"https:\/\/maisondoramaar.org\/fr\/wp-json\/wp\/v2\/pages\/7404\/revisions\/9142"}],"up":[{"embeddable":true,"href":"https:\/\/maisondoramaar.org\/fr\/wp-json\/wp\/v2\/pages\/7364"}],"wp:featuredmedia":[{"embeddable":true,"href":"https:\/\/maisondoramaar.org\/fr\/wp-json\/wp\/v2\/media\/6587"}],"wp:attachment":[{"href":"https:\/\/maisondoramaar.org\/fr\/wp-json\/wp\/v2\/media?parent=7404"}],"curies":[{"name":"wp","href":"https:\/\/api.w.org\/{rel}","templated":true}]}}